{"id":11,"date":"2024-03-25T21:57:33","date_gmt":"2024-03-25T20:57:33","guid":{"rendered":"\/wordpress\/?page_id=11"},"modified":"2024-03-27T09:59:51","modified_gmt":"2024-03-27T08:59:51","slug":"ergotherapie-allgemeine-informationen","status":"publish","type":"page","link":"https:\/\/www.ergotherapie-straten.de\/wordpress\/ergotherapie-allgemeine-informationen\/","title":{"rendered":"Ergotherapie: Allgemeine Informationen"},"content":{"rendered":"\n<p id=\"isPasted\"><strong>Was ist Ergotherapie?&nbsp;<\/strong><\/p>\n\n\n\n<p id=\"isPasted\">Was ist Ergotherapie, wie erhalte ich sie und wie l\u00e4uft eine typische Behandlung ab? Ergotherapie wird von dem griechischen Wort \u201eergon&#8220;, was soviel wie \u201etun, handeln&#8220; hei\u00dft, abgeleitet. Das Ziel von Ergotherapie ist es, individuelle Handlungskompetenzen im t\u00e4glichen Leben und Beruf zu entwickeln, wieder zu erlangen und\/oder zu erhalten.&nbsp;<\/p>\n\n\n\n<p><a href=\"https:\/\/www.ergotherapie-straten.de\/wordpress\/was-ist-ergotherapie\/\" data-type=\"page\" data-id=\"149\">Weiterlesen: Was wir tun k\u00f6nnen<\/a><\/p>\n\n\n\n<hr class=\"wp-block-separator has-alpha-channel-opacity\"\/>\n\n\n\n<h5 class=\"wp-block-heading\">Erwachsene<\/h5>\n\n\n\n<div class=\"wp-block-media-text is-stacked-on-mobile\" style=\"grid-template-columns:25% auto\"><figure class=\"wp-block-media-text__media\"><img loading=\"lazy\" decoding=\"async\" width=\"184\" height=\"200\" src=\"\/wordpress\/wp-content\/uploads\/2024\/03\/g_8923.jpg\" alt=\"\" class=\"wp-image-107 size-full\"\/><\/figure><div class=\"wp-block-media-text__content\">\n<p><strong>Neurologie\/Geriatrie<\/strong><br>Die Neurologie kann als die Lehre von den Erkrankungen des Nervensystems beschrieben werden. Hier gilt, je schneller die erforderliche Therapie eingesetzt wird, desto h\u00f6her sind die Chancen der Rehabilitation.<\/p>\n\n\n\n<p><em><a href=\"https:\/\/www.ergotherapie-straten.de\/wordpress\/ergotherapie-fuer-erwachsene\/\" data-type=\"page\" data-id=\"153\">Weiterlesen: Ergotherapie f\u00fcr Erwachsene<\/a><\/em><\/p>\n<\/div><\/div>\n\n\n\n<hr class=\"wp-block-separator has-alpha-channel-opacity\"\/>\n\n\n\n<h5 class=\"wp-block-heading\" id=\"isPasted\">Kinder<\/h5>\n\n\n\n<div class=\"wp-block-media-text is-stacked-on-mobile is-vertically-aligned-top\" style=\"grid-template-columns:26% auto\"><figure class=\"wp-block-media-text__media\"><img loading=\"lazy\" decoding=\"async\" width=\"210\" height=\"140\" src=\"\/wordpress\/wp-content\/uploads\/2024\/03\/paediatrie_05.jpg\" alt=\"\" class=\"wp-image-112 size-full\"\/><\/figure><div class=\"wp-block-media-text__content\">\n<p id=\"isPasted\"><strong>Schwerpunkt P\u00e4diatrie &#8211; Die Behandlung von Kindern<\/strong><br><strong>Entwicklungsbegleitung f\u00fcr Eltern<\/strong><br>Ihr Alltag ist nur noch Anstrengend? Es geht morgens schon los. Ihr Kind h\u00f6rt auch nach mehrmaligen Rufen zum Fr\u00fchst\u00fcck nicht. Es tr\u00f6delt. Alles m\u00fcssen Sie st\u00e4ndig dreimal sagen bis es morgens schon eskaliert und zu einem Streit kommt. Mittags geht es weiter und dann auch noch die Hausaufgaben. Nichts l\u00e4uft so wie sie sich das vorgestellt haben? Dabei haben sie sich das Leben mit Kind so sch\u00f6n vorgestellt. Und nun ist alles nur noch erm\u00fcdend. Sie f\u00fchlen sich ersch\u00f6pft und haben keine L\u00f6sungsidee? Es gibt viel Streit und ihre Beziehung zu ihrem Kind leidet darunter?<\/p>\n\n\n\n<p><em><a href=\"https:\/\/www.ergotherapie-straten.de\/wordpress\/ergotherapie-fuer-kinder\/\" data-type=\"page\" data-id=\"174\">\u200bWeiterlesen: Ergotherapie f\u00fcr Kinder<\/a><\/em><\/p>\n<\/div><\/div>\n\n\n\n<hr class=\"wp-block-separator has-alpha-channel-opacity\"\/>\n\n\n\n<h5 class=\"wp-block-heading\">Schule, Kindergarten, \u00c4rzte<\/h5>\n\n\n\n<p id=\"isPasted\">Mit dem Patienten im Mittelpunkt planen wir unsere ergotherapeutischen Ma\u00dfnahmen&nbsp;<strong>zielorientiert&nbsp;<\/strong>und&nbsp;<strong>wirtschaftlich<\/strong>.<\/p>\n\n\n\n<p><strong>\u00c4rzteinformation<\/strong><\/p>\n\n\n\n<p>Mit dem Patienten im Mittelpunkt planen wir unsere ergotherapeutischen Ma\u00dfnahmen zielorientiert und wirtschaftlich. Sie legen das Therapieziel fest und erstellen das Rezept.<br>Im Einvernehmen zwischen Patient, Bezugspersonen und den Behandlern werden realistische, \u00fcberpr\u00fcfbare und alltagsrelevante Therapieziele festgelegt, die in der Ergotherapie durch klientenzentrierte Assessments wie COSA und COPM &nbsp;konkretisiert werden k\u00f6nnen.<\/p>\n\n\n\n<p><em><a href=\"https:\/\/www.ergotherapie-straten.de\/wordpress\/schule-kindergarten-aerzte\/\" data-type=\"page\" data-id=\"178\">Weiterlesen: \u00c4rzteinformation<\/a><\/em><\/p>\n\n\n\n<hr class=\"wp-block-separator has-alpha-channel-opacity\"\/>\n\n\n\n<h5 class=\"wp-block-heading\">Methoden<\/h5>\n\n\n\n<ul class=\"wp-block-list\">\n<li>CO-OP &#8211; EBV<\/li>\n\n\n\n<li>Videocoaching<\/li>\n\n\n\n<li>Ganzheitliches Ged\u00e4chtnistraining<\/li>\n\n\n\n<li>Das Marburger Kon\u00adzen\u00adtra\u00adtions\u00adtrai\u00adning (MKT)<\/li>\n\n\n\n<li>Neuropsychologisches Ged\u00e4chtnistraining Reminder nach Lepach, Heubrock, Muth und Petermann<\/li>\n\n\n\n<li>Sensorische Integration<\/li>\n\n\n\n<li>Spiegeltherapie<\/li>\n\n\n\n<li>Wunstorfer Konzept<\/li>\n\n\n\n<li>Psychosoziale Behandlungsverfahren<\/li>\n\n\n\n<li>Systemisches Coaching, Systemische Beratung<\/li>\n<\/ul>\n\n\n\n<p><a href=\"https:\/\/www.ergotherapie-straten.de\/wordpress\/methoden\/\" data-type=\"page\" data-id=\"189\"><em>Weiterlesen: Methoden<\/em><\/a><\/p>\n","protected":false},"excerpt":{"rendered":"<p>Was ist Ergotherapie?&nbsp; Was ist Ergotherapie, wie erhalte ich sie und wie l\u00e4uft eine typische Behandlung ab? Ergotherapie wird von dem griechischen [&hellip;]<\/p>\n","protected":false},"author":1,"featured_media":0,"parent":0,"menu_order":0,"comment_status":"closed","ping_status":"closed","template":"","meta":{"footnotes":""},"class_list":["post-11","page","type-page","status-publish","hentry"],"_links":{"self":[{"href":"https:\/\/www.ergotherapie-straten.de\/wordpress\/wp-json\/wp\/v2\/pages\/11","targetHints":{"allow":["GET"]}}],"collection":[{"href":"https:\/\/www.ergotherapie-straten.de\/wordpress\/wp-json\/wp\/v2\/pages"}],"about":[{"href":"https:\/\/www.ergotherapie-straten.de\/wordpress\/wp-json\/wp\/v2\/types\/page"}],"author":[{"embeddable":true,"href":"https:\/\/www.ergotherapie-straten.de\/wordpress\/wp-json\/wp\/v2\/users\/1"}],"replies":[{"embeddable":true,"href":"https:\/\/www.ergotherapie-straten.de\/wordpress\/wp-json\/wp\/v2\/comments?post=11"}],"version-history":[{"count":10,"href":"https:\/\/www.ergotherapie-straten.de\/wordpress\/wp-json\/wp\/v2\/pages\/11\/revisions"}],"predecessor-version":[{"id":261,"href":"https:\/\/www.ergotherapie-straten.de\/wordpress\/wp-json\/wp\/v2\/pages\/11\/revisions\/261"}],"wp:attachment":[{"href":"https:\/\/www.ergotherapie-straten.de\/wordpress\/wp-json\/wp\/v2\/media?parent=11"}],"curies":[{"name":"wp","href":"https:\/\/api.w.org\/{rel}","templated":true}]}}