{"id":161,"date":"2024-03-26T08:40:22","date_gmt":"2024-03-26T07:40:22","guid":{"rendered":"\/wordpress\/?page_id=161"},"modified":"2024-03-26T08:40:22","modified_gmt":"2024-03-26T07:40:22","slug":"neurologie","status":"publish","type":"page","link":"https:\/\/www.ergotherapie-straten.de\/wordpress\/neurologie\/","title":{"rendered":"Neurologie"},"content":{"rendered":"\n<p>Ein Schicksalsschlag hat Sie, oder eines Ihrer Familienmitglieder getroffen.<\/p>\n\n\n\n<p>Nichts ist mehr so wie gestern.<\/p>\n\n\n\n<p>Pl\u00f6tzlich k\u00f6nnen Sie sich nichts mehr merken, Ihre Leistungsf\u00e4higkeit und Konzentration ist deutlich eingeschr\u00e4nkt, Sie k\u00f6nnen nicht mehr schreiben und lesen, Handlungsabl\u00e4ufe zu strukturieren f\u00e4llt Ihnen schwer.<\/p>\n\n\n\n<p>Sie haben gro\u00dfe Probleme bei der Bew\u00e4ltigung des t\u00e4glichen Lebens.<\/p>\n\n\n\n<p>Sie sind auf Hilfsmittel angewiesen?<\/p>\n\n\n\n<p>Sie brauchen st\u00e4ndig Hilfe und dabei konnten Sie doch alles. Sie schlagen sich mit negativen Gedanken herum und finden wenig Freude an den Dingen die Sie tun, oder verzweifeln, weil Sie diese nicht hinbekommen?<\/p>\n\n\n\n<h5 class=\"wp-block-heading\"><strong>Was k\u00f6nnen wir f\u00fcr Sie tun?<\/strong><\/h5>\n\n\n\n<p>Wir f\u00fchren ein ausf\u00fchrliches Anamnesegespr\u00e4ch mit dem COPM (Canadian Occupational Performance Measure) durch.<\/p>\n\n\n\n<p>Sie sagen uns ihr Ziel.<\/p>\n\n\n\n<p>Anschlie\u00dfend erfolgt eine genaue Befundung und bei Wunsch auch gerne Beratung Ihrer Angeh\u00f6rigen, sowie Wohnraumanpassung und Hilfsmittelberatung.<\/p>\n\n\n\n<p>Durch gezielte \u00dcbungen lernen Sie verlorene Fertigkeiten zu reaktivieren und wieder mobiler und geschickter zu werden.<\/p>\n\n\n\n<p>Wir unterst\u00fctzen Sie bei der Hilfe zur Selbsthilfe beim Essen und Trinken, bei der K\u00f6rperpflege, beim Anziehen und in Ihrer Freizeitgestaltung.<\/p>\n\n\n\n<p>Wir geben Ihnen Lebensfreude zur\u00fcck und unterst\u00fctzen Sie eine gr\u00f6\u00dftm\u00f6gliche Selbstst\u00e4ndigkeit wieder zu erlangen.<\/p>\n\n\n\n<p>Wir helfen Ihnen bei Ihren neuropsychologischen Defiziten und Einschr\u00e4nkungen wie der Aufmerksamkeit, Konzentration, Merkf\u00e4higkeit, Ged\u00e4chtnis oder Lese-Sinn-Verst\u00e4ndnis, das Nachvollziehen von Teilschritten einer Handlung, das Erkennen von Gegenst\u00e4nden oder das Erfassen von Raum, Zeit und Person.<\/p>\n\n\n\n<p>Wir helfen bei der Hemmung pathologischer Haltungs- und Bewegungsmuster und Bahnen normale Bewegungsmuster an.<\/p>\n\n\n\n<p>Das Gehirn ist in der Lage, auch nach schwerwiegenden Sch\u00e4digungen in bestimmten Regionen wieder Nervenverbindungen aufzubauen. Deshalb ist es so wichtig, genau diese Bereiche zu trainieren und zu f\u00f6rdern. Und genau hier setzt die Ergotherapie in der Neurologie an. So werden Alltagsaktivit\u00e4ten im Hinblick auf die pers\u00f6nliche, h\u00e4usliche und berufliche Selbstst\u00e4ndigkeit trainiert. Gleicherma\u00dfen steht eine Verbesserung von neuropsychologischen Defiziten und Einschr\u00e4nkungen der Konzentration und Merkf\u00e4higkeit im Mittelpunkt unserer Behandlung.<\/p>\n\n\n\n<h5 class=\"wp-block-heading\"><strong>Krankheitsbilder<\/strong><\/h5>\n\n\n\n<ul class=\"wp-block-list\">\n<li>Schlaganfall<\/li>\n\n\n\n<li>Hirnblutung<\/li>\n\n\n\n<li>Sch\u00e4del-Hirn Verletzungen<\/li>\n\n\n\n<li>Querschnittsl\u00e4hmungen<\/li>\n\n\n\n<li>Multiple Sklerose &nbsp;<\/li>\n<\/ul>\n\n\n\n<h5 class=\"wp-block-heading\"><strong>Angebote unserer Praxis<\/strong><\/h5>\n\n\n\n<ul class=\"wp-block-list\">\n<li>Hilfsmittelversorgung<\/li>\n\n\n\n<li>Wohnraumanpassung<\/li>\n\n\n\n<li>Anleitung von Angeh\u00f6rigen<\/li>\n\n\n\n<li>Marte Meo<\/li>\n\n\n\n<li>Ged\u00e4chtnistraining<\/li>\n\n\n\n<li>Spiegeltherapie<\/li>\n\n\n\n<li>ADL-Alltagstraining<\/li>\n\n\n\n<li>Haushaltstraining<\/li>\n\n\n\n<li>Sensibilit\u00e4tstraining<\/li>\n<\/ul>\n","protected":false},"excerpt":{"rendered":"<p>Ein Schicksalsschlag hat Sie, oder eines Ihrer Familienmitglieder getroffen. Nichts ist mehr so wie gestern. Pl\u00f6tzlich k\u00f6nnen Sie sich nichts mehr merken, [&hellip;]<\/p>\n","protected":false},"author":1,"featured_media":0,"parent":0,"menu_order":0,"comment_status":"closed","ping_status":"closed","template":"","meta":{"footnotes":""},"class_list":["post-161","page","type-page","status-publish","hentry"],"_links":{"self":[{"href":"https:\/\/www.ergotherapie-straten.de\/wordpress\/wp-json\/wp\/v2\/pages\/161","targetHints":{"allow":["GET"]}}],"collection":[{"href":"https:\/\/www.ergotherapie-straten.de\/wordpress\/wp-json\/wp\/v2\/pages"}],"about":[{"href":"https:\/\/www.ergotherapie-straten.de\/wordpress\/wp-json\/wp\/v2\/types\/page"}],"author":[{"embeddable":true,"href":"https:\/\/www.ergotherapie-straten.de\/wordpress\/wp-json\/wp\/v2\/users\/1"}],"replies":[{"embeddable":true,"href":"https:\/\/www.ergotherapie-straten.de\/wordpress\/wp-json\/wp\/v2\/comments?post=161"}],"version-history":[{"count":1,"href":"https:\/\/www.ergotherapie-straten.de\/wordpress\/wp-json\/wp\/v2\/pages\/161\/revisions"}],"predecessor-version":[{"id":162,"href":"https:\/\/www.ergotherapie-straten.de\/wordpress\/wp-json\/wp\/v2\/pages\/161\/revisions\/162"}],"wp:attachment":[{"href":"https:\/\/www.ergotherapie-straten.de\/wordpress\/wp-json\/wp\/v2\/media?parent=161"}],"curies":[{"name":"wp","href":"https:\/\/api.w.org\/{rel}","templated":true}]}}