{"id":165,"date":"2024-03-26T08:41:39","date_gmt":"2024-03-26T07:41:39","guid":{"rendered":"\/wordpress\/?page_id=165"},"modified":"2024-03-26T08:41:39","modified_gmt":"2024-03-26T07:41:39","slug":"geriatrie","status":"publish","type":"page","link":"https:\/\/www.ergotherapie-straten.de\/wordpress\/geriatrie\/","title":{"rendered":"Geriatrie"},"content":{"rendered":"\n<p>Ver\u00e4nderungsprozesse die das Alter bedingt<\/p>\n\n\n\n<p>Nichts ist mehr so wie es mal war? Ein Schicksalsschlag hat Sie aus der Bahn geworfen? Oder Sie erleben aktuell einfach einen Umbruch in Ihrer Lebensphase, weil Sie durch Ihr Alter bedingt viele Dinge des t\u00e4glichen Lebens nur noch schwer, gar nicht mehr oder nicht mehr alleine bew\u00e4ltigt bekommen?<\/p>\n\n\n\n<p>Sie brauchen Hilfestellung bei der Verrichtung Ihrer t\u00e4glichen Bed\u00fcrfnisse und k\u00f6nnen diese aber nur schwer annehmen und akzeptieren?<\/p>\n\n\n\n<p>Sie haben Probleme sich zu merken wo Sie Ihre Brille nun schon wieder hingelegt haben. Sie merken das Sie vergesslicher werden, m\u00f6gen aber mit keinem dar\u00fcber sprechen weil Sie immer alles allein geschafft haben?<\/p>\n\n\n\n<p>Der Alltag f\u00e4llt Ihnen einfach schwer? Sie sind m\u00fcde und merken, dass Sie an Lebensfreude verlieren und jede Bewegung anstrengend wird. Sie brauchen Hilfe beim Anziehen und Essen, sowie bei der K\u00f6rperhygiene?<\/p>\n\n\n\n<h5 class=\"wp-block-heading\"><strong>Was k\u00f6nnen wir f\u00fcr Sie tun?<\/strong><\/h5>\n\n\n\n<p>Wir f\u00fchren ein ausf\u00fchrliches Anamnesegespr\u00e4ch mit dem COPM (Canadian Occupational Performance Measure) durch.<\/p>\n\n\n\n<p>Sie sagen uns ihr Ziel.<\/p>\n\n\n\n<p>Anschlie\u00dfend erfolgt eine genaue Befundung und bei Wunsch auch gerne Beratung Ihrer Angeh\u00f6rigen, sowie Wohnraumanpassung und Hilfsmittelberatung.<\/p>\n\n\n\n<p>Durch gezielte \u00dcbungen lernen Sie verlorene Fertigkeiten zu reaktivieren und wieder mobiler und geschickter zu werden. Wir unterst\u00fctzen Sie bei der Hilfe zur Selbsthilfe beim Essen und Trinken, bei der K\u00f6rperpflege und beim Anziehen. Wir geben Ihnen Lebensfreude zur\u00fcck und unterst\u00fctzen Sie eine gr\u00f6\u00dftm\u00f6gliche Selbstst\u00e4ndigkeit wieder zu erlangen und zu erhalten.<\/p>\n\n\n\n<p>Das Gehirn ist in der Lage, auch nach schwerwiegenden Sch\u00e4digungen in bestimmten Regionen wieder Nervenverbindungen aufzubauen. Deshalb ist es so wichtig, genau diese Bereiche zu trainieren und zu f\u00f6rdern. Und genau hier setzt die Ergotherapie in der Geriatrie an. So werden Alltagsaktivit\u00e4ten im Hinblick auf die pers\u00f6nliche, h\u00e4usliche und berufliche Selbstst\u00e4ndigkeit trainiert. Gleicherma\u00dfen steht eine Verbesserung von neuropsychologischen Defiziten und Einschr\u00e4nkungen der Konzentration und Merkf\u00e4higkeit im Mittelpunkt unserer Behandlung<\/p>\n\n\n\n<h5 class=\"wp-block-heading\"><strong>Krankheitsbilder<\/strong><\/h5>\n\n\n\n<ul class=\"wp-block-list\">\n<li>Schlaganfall<\/li>\n\n\n\n<li>Morbus Parkinson<\/li>\n\n\n\n<li>Multiple Sklerose<\/li>\n\n\n\n<li>Morbus Alzheimer<\/li>\n\n\n\n<li>Depressionen<\/li>\n\n\n\n<li>Psychiatrische Probleme<\/li>\n<\/ul>\n\n\n\n<h5 class=\"wp-block-heading\"><strong>Angebote unserer Praxis<\/strong><\/h5>\n\n\n\n<ul class=\"wp-block-list\">\n<li>alltagsorientiertes Funktionstraining<\/li>\n\n\n\n<li>Hirnleistungstraining mit starkem Realit\u00e4ts- und Biografiebezug<\/li>\n\n\n\n<li>ADL Alltagstraining<\/li>\n\n\n\n<li>Haushaltstraining<\/li>\n\n\n\n<li>Hilfsmittelberatung- versorgung und -schulung<\/li>\n\n\n\n<li>tagesstrukturierende Beratung\/Anleitung auch von Angeh\u00f6rigen<\/li>\n\n\n\n<li>Marte Meo Videoberatung<\/li>\n\n\n\n<li>Spiegeltherapie<\/li>\n<\/ul>\n","protected":false},"excerpt":{"rendered":"<p>Ver\u00e4nderungsprozesse die das Alter bedingt Nichts ist mehr so wie es mal war? Ein Schicksalsschlag hat Sie aus der Bahn geworfen? Oder [&hellip;]<\/p>\n","protected":false},"author":1,"featured_media":0,"parent":0,"menu_order":0,"comment_status":"closed","ping_status":"closed","template":"","meta":{"footnotes":""},"class_list":["post-165","page","type-page","status-publish","hentry"],"_links":{"self":[{"href":"https:\/\/www.ergotherapie-straten.de\/wordpress\/wp-json\/wp\/v2\/pages\/165","targetHints":{"allow":["GET"]}}],"collection":[{"href":"https:\/\/www.ergotherapie-straten.de\/wordpress\/wp-json\/wp\/v2\/pages"}],"about":[{"href":"https:\/\/www.ergotherapie-straten.de\/wordpress\/wp-json\/wp\/v2\/types\/page"}],"author":[{"embeddable":true,"href":"https:\/\/www.ergotherapie-straten.de\/wordpress\/wp-json\/wp\/v2\/users\/1"}],"replies":[{"embeddable":true,"href":"https:\/\/www.ergotherapie-straten.de\/wordpress\/wp-json\/wp\/v2\/comments?post=165"}],"version-history":[{"count":1,"href":"https:\/\/www.ergotherapie-straten.de\/wordpress\/wp-json\/wp\/v2\/pages\/165\/revisions"}],"predecessor-version":[{"id":166,"href":"https:\/\/www.ergotherapie-straten.de\/wordpress\/wp-json\/wp\/v2\/pages\/165\/revisions\/166"}],"wp:attachment":[{"href":"https:\/\/www.ergotherapie-straten.de\/wordpress\/wp-json\/wp\/v2\/media?parent=165"}],"curies":[{"name":"wp","href":"https:\/\/api.w.org\/{rel}","templated":true}]}}