{"id":178,"date":"2024-03-26T08:50:14","date_gmt":"2024-03-26T07:50:14","guid":{"rendered":"\/wordpress\/?page_id=178"},"modified":"2024-03-26T08:53:50","modified_gmt":"2024-03-26T07:53:50","slug":"schule-kindergarten-aerzte","status":"publish","type":"page","link":"https:\/\/www.ergotherapie-straten.de\/wordpress\/schule-kindergarten-aerzte\/","title":{"rendered":"Schule, Kindergarten, \u00c4rzte"},"content":{"rendered":"\n<p>Mit dem Patienten im Mittelpunkt planen wir unsere ergotherapeutischen Ma\u00dfnahmen zielorientiert und wirtschaftlich.<\/p>\n\n\n\n<h5 class=\"wp-block-heading\" id=\"isPasted\"><strong>\u00c4rzteinformation<\/strong><\/h5>\n\n\n\n<p><strong>&#8230; zielorientiert und wirtschaftlich<\/strong><\/p>\n\n\n\n<p>Im Folgenden finden Sie einen kurzen \u00dcberblick zu einer Zusammenarbeit mit der Praxis \u201eErgotherapie Jessica Straten\u201c.<\/p>\n\n\n\n<p><em><a href=\"\/wordpress\/informationen-fuer-aerzte\/\" data-type=\"page\" data-id=\"185\">Weiterlesen: \u00c4rzteinformation<\/a><\/em><\/p>\n\n\n\n<hr class=\"wp-block-separator has-alpha-channel-opacity\"\/>\n\n\n\n<h5 class=\"wp-block-heading\" id=\"isPasted\"><strong>Informationen f\u00fcr Kindergarten und Schule<\/strong><\/h5>\n\n\n\n<p>Um die ergotherapeutische Behandlung eines Kindes m\u00f6glichst effektiv zu gestalten, ist f\u00fcr uns eine intensive Elternarbeit schon immer wichtig gewesen. Nun gewinnt auch die Umfeldberatung, also die Beratung in Kindergarten oder Schule im Rahmen der Ergotherapie immer mehr an Bedeutung. Dazu kommt der bedeutende Vorteil, dass wir das Wissen der vor Ort arbeitenden Fachkr\u00e4fte (Erzieherinnen, Lehrer, etc.) in die Therapie einbeziehen k\u00f6nnen. Unser Ziel dabei ist es, die Therapiezeit der Kinder deutlich verk\u00fcrzen zu k\u00f6nnen.<\/p>\n\n\n\n<p><em><a href=\"\/wordpress\/informationen-fuer-kindergarten-und-schule\/\" data-type=\"page\" data-id=\"181\">Weiterlesen: Kindergarten und Schule<\/a><\/em><\/p>\n","protected":false},"excerpt":{"rendered":"<p>Mit dem Patienten im Mittelpunkt planen wir unsere ergotherapeutischen Ma\u00dfnahmen zielorientiert und wirtschaftlich. \u00c4rzteinformation &#8230; zielorientiert und wirtschaftlich Im Folgenden finden Sie [&hellip;]<\/p>\n","protected":false},"author":1,"featured_media":0,"parent":0,"menu_order":0,"comment_status":"closed","ping_status":"closed","template":"","meta":{"footnotes":""},"class_list":["post-178","page","type-page","status-publish","hentry"],"_links":{"self":[{"href":"https:\/\/www.ergotherapie-straten.de\/wordpress\/wp-json\/wp\/v2\/pages\/178","targetHints":{"allow":["GET"]}}],"collection":[{"href":"https:\/\/www.ergotherapie-straten.de\/wordpress\/wp-json\/wp\/v2\/pages"}],"about":[{"href":"https:\/\/www.ergotherapie-straten.de\/wordpress\/wp-json\/wp\/v2\/types\/page"}],"author":[{"embeddable":true,"href":"https:\/\/www.ergotherapie-straten.de\/wordpress\/wp-json\/wp\/v2\/users\/1"}],"replies":[{"embeddable":true,"href":"https:\/\/www.ergotherapie-straten.de\/wordpress\/wp-json\/wp\/v2\/comments?post=178"}],"version-history":[{"count":4,"href":"https:\/\/www.ergotherapie-straten.de\/wordpress\/wp-json\/wp\/v2\/pages\/178\/revisions"}],"predecessor-version":[{"id":187,"href":"https:\/\/www.ergotherapie-straten.de\/wordpress\/wp-json\/wp\/v2\/pages\/178\/revisions\/187"}],"wp:attachment":[{"href":"https:\/\/www.ergotherapie-straten.de\/wordpress\/wp-json\/wp\/v2\/media?parent=178"}],"curies":[{"name":"wp","href":"https:\/\/api.w.org\/{rel}","templated":true}]}}