{"id":181,"date":"2024-03-26T08:51:30","date_gmt":"2024-03-26T07:51:30","guid":{"rendered":"\/wordpress\/?page_id=181"},"modified":"2024-03-26T08:51:30","modified_gmt":"2024-03-26T07:51:30","slug":"informationen-fuer-kindergarten-und-schule","status":"publish","type":"page","link":"https:\/\/www.ergotherapie-straten.de\/wordpress\/informationen-fuer-kindergarten-und-schule\/","title":{"rendered":"Informationen f\u00fcr Kindergarten und Schule"},"content":{"rendered":"\n<p id=\"isPasted\">Um die ergotherapeutische Behandlung eines Kindes m\u00f6glichst effektiv zu gestalten, ist f\u00fcr uns eine intensive Elternarbeit schon immer wichtig gewesen. Nun gewinnt auch die Umfeldberatung, also die Beratung in Kindergarten oder Schule im Rahmen der Ergotherapie immer mehr an Bedeutung. Dazu kommt der bedeutende Vorteil, dass wir das Wissen der vor Ort arbeitenden Fachkr\u00e4fte (Erzieherinnen, Lehrer, etc.) in die Therapie einbeziehen k\u00f6nnen. Unser Ziel dabei ist es, die Therapiezeit der Kinder deutlich verk\u00fcrzen zu k\u00f6nnen.<\/p>\n\n\n\n<p>Daher bem\u00fchen wir uns, mit allen Erziehern\/innen bzw. Lehrer\/innen unserer Patienten ein Umfeldberatungsgespr\u00e4ch zu f\u00fchren.<\/p>\n\n\n\n<p>Vor diesen Gespr\u00e4chen ist es uns oft ein Anliegen, das Kind in der Gruppe zu beobachten, da wir es bei uns in der Praxis in der Regel nur in Einzelsituationen sehen. Im anschlie\u00dfenden Gespr\u00e4ch tauschen wir uns intensiv \u00fcber das Kind aus und vereinbaren das weitere Vorgehen. Bei Bedarf bieten wir den Erziehern\/innen bzw. Lehrern\/innen dar\u00fcber hinaus noch eine Beratung zum Umgang mit dem Kind bezogen auf seinen Befund an. Diese Beratung kann sich auf die motorischen Defizite des Kindes beziehen, aber auch auf sein Verhalten und den Umgang damit.<\/p>\n\n\n\n<p>Im Anschluss an diesen Termin ist selbstverst\u00e4ndlich ein weiterer regelm\u00e4\u00dfiger Austausch sinnvoll und n\u00f6tig, um sich gegenseitig auf dem aktuellen Stand zu halten und ggf. Adaptionen vornehmen zu k\u00f6nnen.<\/p>\n\n\n\n<p>Das Angebot einer Umfeldberatung machen wir nat\u00fcrlich auch f\u00fcr Kinder, die nicht bei uns in der Praxis behandelt werden. In solchen F\u00e4llen ist eine intensive Beobachtung des Kindes vorweg unerl\u00e4sslich. Das Beratungsgespr\u00e4ch sollte au\u00dferdem eine klare Zielvorgabe bzw. Fragestellung seitens der Einrichtung haben (z.B. das Kind hat eine auff\u00e4llige Stifthaltung, das Kind kann sich nur schwer konzentrieren, das Kind klettert nicht sicher). Inhalt des Gespr\u00e4ches w\u00e4re dann eine Beratung der Erzieherinnen\/Lehrer und ggf. der Eltern, wie mit der Auff\u00e4lligkeit des Kindes umgegangen werden kann und welche F\u00f6rderm\u00f6glichkeiten wir innerhalb der Einrichtung sehen.<\/p>\n\n\n\n<p>Dauer:<\/p>\n\n\n\n<ul class=\"wp-block-list\">\n<li>Beobachtungszeit je nach Auff\u00e4lligkeit des Kindes zw. 15-45 Minuten<\/li>\n\n\n\n<li>Beratungszeit ca. 45 Minuten<\/li>\n<\/ul>\n\n\n\n<p>Die Umfeldberatung kann auf Grund einer \u00e4rztlichen Verordnung erfolgen oder durch Sie privat finanziert werden. Rufen Sie uns bei Interesse an, wir informieren Sie gern!<\/p>\n","protected":false},"excerpt":{"rendered":"<p>Um die ergotherapeutische Behandlung eines Kindes m\u00f6glichst effektiv zu gestalten, ist f\u00fcr uns eine intensive Elternarbeit schon immer wichtig gewesen. Nun gewinnt [&hellip;]<\/p>\n","protected":false},"author":1,"featured_media":0,"parent":0,"menu_order":0,"comment_status":"closed","ping_status":"closed","template":"","meta":{"footnotes":""},"class_list":["post-181","page","type-page","status-publish","hentry"],"_links":{"self":[{"href":"https:\/\/www.ergotherapie-straten.de\/wordpress\/wp-json\/wp\/v2\/pages\/181","targetHints":{"allow":["GET"]}}],"collection":[{"href":"https:\/\/www.ergotherapie-straten.de\/wordpress\/wp-json\/wp\/v2\/pages"}],"about":[{"href":"https:\/\/www.ergotherapie-straten.de\/wordpress\/wp-json\/wp\/v2\/types\/page"}],"author":[{"embeddable":true,"href":"https:\/\/www.ergotherapie-straten.de\/wordpress\/wp-json\/wp\/v2\/users\/1"}],"replies":[{"embeddable":true,"href":"https:\/\/www.ergotherapie-straten.de\/wordpress\/wp-json\/wp\/v2\/comments?post=181"}],"version-history":[{"count":1,"href":"https:\/\/www.ergotherapie-straten.de\/wordpress\/wp-json\/wp\/v2\/pages\/181\/revisions"}],"predecessor-version":[{"id":182,"href":"https:\/\/www.ergotherapie-straten.de\/wordpress\/wp-json\/wp\/v2\/pages\/181\/revisions\/182"}],"wp:attachment":[{"href":"https:\/\/www.ergotherapie-straten.de\/wordpress\/wp-json\/wp\/v2\/media?parent=181"}],"curies":[{"name":"wp","href":"https:\/\/api.w.org\/{rel}","templated":true}]}}