{"id":185,"date":"2024-03-26T08:53:20","date_gmt":"2024-03-26T07:53:20","guid":{"rendered":"\/wordpress\/?page_id=185"},"modified":"2024-03-26T08:55:23","modified_gmt":"2024-03-26T07:55:23","slug":"informationen-fuer-aerzte","status":"publish","type":"page","link":"https:\/\/www.ergotherapie-straten.de\/wordpress\/informationen-fuer-aerzte\/","title":{"rendered":"Informationen f\u00fcr \u00c4rzte"},"content":{"rendered":"\n<h5 class=\"wp-block-heading\"><strong>&#8230; zielorientiert und wirtschaftlich<\/strong><\/h5>\n\n\n\n<p>Im Folgenden finden Sie einen kurzen \u00dcberblick zu einer Zusammenarbeit mit der Praxis \u201eErgotherapie Jessica Straten\u201c.<\/p>\n\n\n\n<p>Mit dem Patienten im Mittelpunkt planen wir unsere ergotherapeutischen Ma\u00dfnahmen&nbsp;<strong>zielorientiert&nbsp;<\/strong>und&nbsp;<strong>wirtschaftlich<\/strong>.<\/p>\n\n\n\n<p>Im Einvernehmen zwischen Patient, Bezugspersonen und den Therapeuten werden realistische, \u00fcberpr\u00fcfbare und alltagsrelevante Therapieziele festgelegt, die in der Ergotherapie durch klientenzentrierte Assessments wie COSA und COPM &nbsp;konkretisiert werden k\u00f6nnen.<\/p>\n\n\n\n<p>Anf\u00e4nglich steht immer eine Anamnese mit dem COPM (Canadian Occupational Performance Measure) in dem die Ziele festgelegt werden.<\/p>\n\n\n\n<p>Diagnostische Befunderhebung wird nur in dem Umfang durchgef\u00fchrt, wie es f\u00fcr die Behandlung der spezifischen Probleme erforderlich ist. W\u00fcnschen Sie eine \u00dcberpr\u00fcfung auf die Diagnose UEMF, so f\u00fchren wir den Movement \u2013ABC gerne aus. Rufen Sie uns hierzu an.<\/p>\n\n\n\n<figure data-wp-context=\"{&quot;imageId&quot;:&quot;69e0e2f0ee342&quot;}\" data-wp-interactive=\"core\/image\" data-wp-key=\"69e0e2f0ee342\" class=\"wp-block-image size-full wp-lightbox-container\"><img loading=\"lazy\" decoding=\"async\" width=\"854\" height=\"683\" data-wp-class--hide=\"state.isContentHidden\" data-wp-class--show=\"state.isContentVisible\" data-wp-init=\"callbacks.setButtonStyles\" data-wp-on--click=\"actions.showLightbox\" data-wp-on--load=\"callbacks.setButtonStyles\" data-wp-on-window--resize=\"callbacks.setButtonStyles\" src=\"\/wordpress\/wp-content\/uploads\/2024\/03\/5c0cfcb1c85d4b47b363ec0a2c3344eb.jpg\" alt=\"\" class=\"wp-image-96\" srcset=\"https:\/\/www.ergotherapie-straten.de\/wordpress\/wp-content\/uploads\/2024\/03\/5c0cfcb1c85d4b47b363ec0a2c3344eb.jpg 854w, https:\/\/www.ergotherapie-straten.de\/wordpress\/wp-content\/uploads\/2024\/03\/5c0cfcb1c85d4b47b363ec0a2c3344eb-300x240.jpg 300w, https:\/\/www.ergotherapie-straten.de\/wordpress\/wp-content\/uploads\/2024\/03\/5c0cfcb1c85d4b47b363ec0a2c3344eb-768x614.jpg 768w, https:\/\/www.ergotherapie-straten.de\/wordpress\/wp-content\/uploads\/2024\/03\/5c0cfcb1c85d4b47b363ec0a2c3344eb-230x184.jpg 230w, https:\/\/www.ergotherapie-straten.de\/wordpress\/wp-content\/uploads\/2024\/03\/5c0cfcb1c85d4b47b363ec0a2c3344eb-350x280.jpg 350w, https:\/\/www.ergotherapie-straten.de\/wordpress\/wp-content\/uploads\/2024\/03\/5c0cfcb1c85d4b47b363ec0a2c3344eb-480x384.jpg 480w\" sizes=\"auto, (max-width: 854px) 100vw, 854px\" \/><button\n\t\t\tclass=\"lightbox-trigger\"\n\t\t\ttype=\"button\"\n\t\t\taria-haspopup=\"dialog\"\n\t\t\taria-label=\"Vergr\u00f6\u00dfern\"\n\t\t\tdata-wp-init=\"callbacks.initTriggerButton\"\n\t\t\tdata-wp-on--click=\"actions.showLightbox\"\n\t\t\tdata-wp-style--right=\"state.imageButtonRight\"\n\t\t\tdata-wp-style--top=\"state.imageButtonTop\"\n\t\t>\n\t\t\t<svg xmlns=\"http:\/\/www.w3.org\/2000\/svg\" width=\"12\" height=\"12\" fill=\"none\" viewBox=\"0 0 12 12\">\n\t\t\t\t<path fill=\"#fff\" d=\"M2 0a2 2 0 0 0-2 2v2h1.5V2a.5.5 0 0 1 .5-.5h2V0H2Zm2 10.5H2a.5.5 0 0 1-.5-.5V8H0v2a2 2 0 0 0 2 2h2v-1.5ZM8 12v-1.5h2a.5.5 0 0 0 .5-.5V8H12v2a2 2 0 0 1-2 2H8Zm2-12a2 2 0 0 1 2 2v2h-1.5V2a.5.5 0 0 0-.5-.5H8V0h2Z\" \/>\n\t\t\t<\/svg>\n\t\t<\/button><\/figure>\n\n\n\n<p id=\"isPasted\">Zus\u00e4tzlich bieten wir den:<\/p>\n\n\n\n<ul class=\"wp-block-list\">\n<li>DTVP 2<\/li>\n\n\n\n<li>TEA-Ch<\/li>\n\n\n\n<li>Lernvoraussetzung f\u00fcr die Schule<\/li>\n\n\n\n<li>verschiedene Screenings<\/li>\n<\/ul>\n\n\n\n<p>Wir sind bestrebt die Bezugspersonen, aktiv an der Behandlung teilnehmen zu lassen. Bezugspersonen und Patienten erhalten \u201eHausaufgaben\u201c und Eltern bekommen parallel ein \u201ekostenloses\u201c Elterntraining. Wir verst\u00e4rken positive Interaktion und korrigieren \u00fcbersteigerte Erwartungshaltung. Statt defizitorientiert vorzugehen, praktizieren wir eine ressourcenorientierte Therapie.<\/p>\n\n\n\n<p>Sie erhalten regelm\u00e4\u00dfig an die ICF orientierte Berichte zum Stand der Therapie, den Aufgaben der Bezugspersonen und gegebenenfalls weitere relevante Hinweise. Diese Berichte unterst\u00fctzen Sie, eine Fortsetzung der Therapie zu indizieren.<\/p>\n","protected":false},"excerpt":{"rendered":"<p>&#8230; zielorientiert und wirtschaftlich Im Folgenden finden Sie einen kurzen \u00dcberblick zu einer Zusammenarbeit mit der Praxis \u201eErgotherapie Jessica Straten\u201c. Mit dem [&hellip;]<\/p>\n","protected":false},"author":1,"featured_media":0,"parent":0,"menu_order":0,"comment_status":"closed","ping_status":"closed","template":"","meta":{"footnotes":""},"class_list":["post-185","page","type-page","status-publish","hentry"],"_links":{"self":[{"href":"https:\/\/www.ergotherapie-straten.de\/wordpress\/wp-json\/wp\/v2\/pages\/185","targetHints":{"allow":["GET"]}}],"collection":[{"href":"https:\/\/www.ergotherapie-straten.de\/wordpress\/wp-json\/wp\/v2\/pages"}],"about":[{"href":"https:\/\/www.ergotherapie-straten.de\/wordpress\/wp-json\/wp\/v2\/types\/page"}],"author":[{"embeddable":true,"href":"https:\/\/www.ergotherapie-straten.de\/wordpress\/wp-json\/wp\/v2\/users\/1"}],"replies":[{"embeddable":true,"href":"https:\/\/www.ergotherapie-straten.de\/wordpress\/wp-json\/wp\/v2\/comments?post=185"}],"version-history":[{"count":2,"href":"https:\/\/www.ergotherapie-straten.de\/wordpress\/wp-json\/wp\/v2\/pages\/185\/revisions"}],"predecessor-version":[{"id":188,"href":"https:\/\/www.ergotherapie-straten.de\/wordpress\/wp-json\/wp\/v2\/pages\/185\/revisions\/188"}],"wp:attachment":[{"href":"https:\/\/www.ergotherapie-straten.de\/wordpress\/wp-json\/wp\/v2\/media?parent=185"}],"curies":[{"name":"wp","href":"https:\/\/api.w.org\/{rel}","templated":true}]}}