{"id":189,"date":"2024-03-26T08:58:28","date_gmt":"2024-03-26T07:58:28","guid":{"rendered":"\/wordpress\/?page_id=189"},"modified":"2024-03-27T10:05:00","modified_gmt":"2024-03-27T09:05:00","slug":"methoden","status":"publish","type":"page","link":"https:\/\/www.ergotherapie-straten.de\/wordpress\/methoden\/","title":{"rendered":"Methoden"},"content":{"rendered":"\n<h5 class=\"wp-block-heading\"><strong>CO-OP &#8211; EBV&nbsp;<\/strong><\/h5>\n\n\n\n<p><strong>F\u00fcr Kinder mit Koordinationsst\u00f6rungen<\/strong><\/p>\n\n\n\n<p><a href=\"https:\/\/www.ergotherapie-straten.de\/wordpress\/co-op-ebv\/\" data-type=\"page\" data-id=\"200\">Weiterlesen: CO-OP &#8211; EBV<\/a><\/p>\n\n\n\n<h5 class=\"wp-block-heading\" id=\"isPasted\"><strong>IntraActPlus-Konzept<\/strong><\/h5>\n\n\n\n<p><a href=\"https:\/\/www.ergotherapie-straten.de\/wordpress\/intraactplus-konzept\/\" data-type=\"page\" data-id=\"203\"><em>Weiterlesen: IntraActPlus-Konzept<\/em><\/a><\/p>\n\n\n\n<h5 class=\"wp-block-heading\"><em>\u200b<\/em><strong>MarteMeo \u201eaus eigener Kraft etwas erreichen\u201c<\/strong><\/h5>\n\n\n\n<p><a href=\"\/wordpress\/martemeo-aus-eigener-kraft-etwas-erreichen\/\" data-type=\"page\" data-id=\"206\"><em>Weiterlesen MarteMeo<\/em><\/a><\/p>\n\n\n\n<h5 class=\"wp-block-heading\" id=\"isPasted\"><strong>Eltern-Kind Beziehung ab erstem Lebensjahr<\/strong><\/h5>\n\n\n\n<p><a href=\"elkibez.html\"><\/a><a href=\"https:\/\/www.ergotherapie-straten.de\/wordpress\/eltern-kind-beziehung-ab-erstem-lebensjahr\/\" data-type=\"page\" data-id=\"211\"><em>Weiterlesen: Eltern-Kind Beziehung ab dem ersten Lebensjahr<\/em>\u00a0<\/a><\/p>\n\n\n\n<h5 class=\"wp-block-heading\" id=\"isPasted\"><strong>Ganzheitliches Ged\u00e4chtnistraining<\/strong><\/h5>\n\n\n\n<p><a href=\"https:\/\/www.ergotherapie-straten.de\/wordpress\/ganzheitliches-gedaechtnistraining\/\" data-type=\"page\" data-id=\"222\"><em>Weiterlesen: Ganzheitliches Ged\u00e4chtnistraining<\/em><\/a><\/p>\n\n\n\n<h5 class=\"wp-block-heading\" id=\"isPasted\"><strong>Marburger Kon\u00adzen\u00adtra\u00adtions\u00adtrai\u00adning (MKT)<\/strong><\/h5>\n\n\n\n<p><a href=\"https:\/\/www.ergotherapie-straten.de\/wordpress\/das-marburger-konzentrationstraining-mkt\/\" data-type=\"page\" data-id=\"225\"><em>Weiterlesen: Marburger Kon\u00adzen\u00adtra\u00adtions\u00adtrai\u00adning (MKT)<\/em><\/a><\/p>\n\n\n\n<h5 class=\"wp-block-heading\" id=\"isPasted\"><strong>Neuropsychologisches Ged\u00e4chtnistraining Reminder nach Lepach, Heubrock, Muth und Petermann<\/strong><\/h5>\n\n\n\n<p><a href=\"https:\/\/www.ergotherapie-straten.de\/wordpress\/neuropsychologisches-gedaechtnistraining-reminder-nach-lepach-heubrock-muth-und-petermann\/\" data-type=\"page\" data-id=\"228\"><em>Weiterlesen: Neuropsychologisches Ged\u00e4chtnistraining\u00a0<\/em><\/a><\/p>\n\n\n\n<h5 class=\"wp-block-heading\" id=\"isPasted\"><strong>Psychosoziale Behandlungsverfahren<\/strong><\/h5>\n\n\n\n<p><a href=\"https:\/\/www.ergotherapie-straten.de\/wordpress\/psychosoziale-behandlungsverfahren\/\" data-type=\"page\" data-id=\"231\"><em>Weiterlesen: Psychosoziale Behandlungsverfahren<\/em><\/a><\/p>\n\n\n\n<h5 class=\"wp-block-heading\" id=\"isPasted\"><strong>Sensorische Integration<\/strong><\/h5>\n\n\n\n<p><a href=\"https:\/\/www.ergotherapie-straten.de\/wordpress\/sensorische-integration\/\" data-type=\"page\" data-id=\"234\"><em>Weiterlesen: Sensorische Integration<\/em><\/a><\/p>\n\n\n\n<h5 class=\"wp-block-heading\"><a href=\"sensorische_integration.html\"><em>\u200b<\/em><\/a><strong>Videocoaching<\/strong><\/h5>\n\n\n\n<p>Hier kombinieren wir zwei sehr effiziente Behandlungsmethoden:<\/p>\n\n\n\n<p><strong>IntraActPlus-Konzept nach Fritz Jansen und Uta Streit<\/strong><br><strong>Marte Meo nach Maria Aarts<\/strong><\/p>\n\n\n\n<p>Beide Methoden erg\u00e4nzen sich hervorragend und sind inzwischen wissenschaftlich gut gesichert. Sie basieren auf psychologischen und neurophysiologischen Gesetzm\u00e4\u00dfigkeiten. Sie gelten als effektivste Ma\u00dfnahmen in der Behandlung von Kindern und Erwachsenen<\/p>\n\n\n\n<p><a href=\"https:\/\/www.ergotherapie-straten.de\/wordpress\/videocoaching\/\" data-type=\"page\" data-id=\"60\"><em>Weiterlesen: Videocoaching<\/em><\/a><\/p>\n\n\n\n<h5 class=\"wp-block-heading\" id=\"isPasted\"><strong>Wunstorfer Konzept<\/strong><\/h5>\n\n\n\n<p><a href=\"https:\/\/www.ergotherapie-straten.de\/wordpress\/wunstorfer-konzept\/\" data-type=\"page\" data-id=\"238\"><em>Weiterlesen: Wunstorfer Konzept<\/em><\/a><\/p>\n","protected":false},"excerpt":{"rendered":"<p>CO-OP &#8211; EBV&nbsp; F\u00fcr Kinder mit Koordinationsst\u00f6rungen Weiterlesen: CO-OP &#8211; EBV IntraActPlus-Konzept Weiterlesen: IntraActPlus-Konzept \u200bMarteMeo \u201eaus eigener Kraft etwas erreichen\u201c Weiterlesen MarteMeo [&hellip;]<\/p>\n","protected":false},"author":1,"featured_media":0,"parent":0,"menu_order":0,"comment_status":"closed","ping_status":"closed","template":"","meta":{"footnotes":""},"class_list":["post-189","page","type-page","status-publish","hentry"],"_links":{"self":[{"href":"https:\/\/www.ergotherapie-straten.de\/wordpress\/wp-json\/wp\/v2\/pages\/189","targetHints":{"allow":["GET"]}}],"collection":[{"href":"https:\/\/www.ergotherapie-straten.de\/wordpress\/wp-json\/wp\/v2\/pages"}],"about":[{"href":"https:\/\/www.ergotherapie-straten.de\/wordpress\/wp-json\/wp\/v2\/types\/page"}],"author":[{"embeddable":true,"href":"https:\/\/www.ergotherapie-straten.de\/wordpress\/wp-json\/wp\/v2\/users\/1"}],"replies":[{"embeddable":true,"href":"https:\/\/www.ergotherapie-straten.de\/wordpress\/wp-json\/wp\/v2\/comments?post=189"}],"version-history":[{"count":15,"href":"https:\/\/www.ergotherapie-straten.de\/wordpress\/wp-json\/wp\/v2\/pages\/189\/revisions"}],"predecessor-version":[{"id":266,"href":"https:\/\/www.ergotherapie-straten.de\/wordpress\/wp-json\/wp\/v2\/pages\/189\/revisions\/266"}],"wp:attachment":[{"href":"https:\/\/www.ergotherapie-straten.de\/wordpress\/wp-json\/wp\/v2\/media?parent=189"}],"curies":[{"name":"wp","href":"https:\/\/api.w.org\/{rel}","templated":true}]}}