{"id":206,"date":"2024-03-26T09:10:03","date_gmt":"2024-03-26T08:10:03","guid":{"rendered":"\/wordpress\/?page_id=206"},"modified":"2024-03-26T09:17:01","modified_gmt":"2024-03-26T08:17:01","slug":"martemeo-aus-eigener-kraft-etwas-erreichen","status":"publish","type":"page","link":"https:\/\/www.ergotherapie-straten.de\/wordpress\/martemeo-aus-eigener-kraft-etwas-erreichen\/","title":{"rendered":"MarteMeo \u201eAus eigener Kraft etwas erreichen\u201c"},"content":{"rendered":"\n<p id=\"isPasted\">Marte Meo hilft Kommunikationsbeziehungen so zu entwickeln, dass der Andere als Pers\u00f6nlichkeit wahrgenommen und mit seinen F\u00e4higkeiten respektiert wird.<\/p>\n\n\n\n<p>Er erlernt auch in schwierigen Situationen f\u00f6rderliches Kommunikationsverhalten.<\/p>\n\n\n\n<p>Mit dieser Methode wird in allen psychosozialen Einrichtungen gearbeitet, in denen es um Aktivierung, F\u00f6rderung, Unterst\u00fctzung und Begleitung von Entwicklungs- und Lernprozessen geht (Schulen, Elternhaus, Altenheimen und anderen Einrichtungen). Die Methode wird f\u00fcr die jeweilige Klientengruppe angeboten und ma\u00dfgeschneidert. Die Videos geben konkrete Informationen \u00fcber die Entwicklungsanforderungen, sowie \u00fcber Art und Wirkung entwicklungsf\u00f6rdernder Kommunikationsweisen.<\/p>\n\n\n\n<h5 class=\"wp-block-heading\"><strong>Die Wirksamkeit von Marte Meo neurobiologisch erkl\u00e4rt<\/strong><\/h5>\n\n\n\n<p><em><strong>aus dem Marte Meo Magazin 2010 von Therese Niklaus Loosli<\/strong><\/em><\/p>\n\n\n\n<p>Standbild<br>Mutter sieht die Freude ihres Kindes im Videostandbild. Nun ist es wichtig inne zu halten und dem Kind, als auch der Mutter die Zeit zu geben diese Freude ausgiebig zu teilen.<\/p>\n\n\n\n<p>Die Dopaminnetzwerke brauchen Zeit, um so richtig aktiviert zu werden, so dass das ausgesch\u00fcttete Dopamin auch Endorphine im Gehirn freisetzen kann. Auf diese Weise wachsen Dendriten neu aus, neue Synapsen entstehen, der Zellkern der aktivierten Nervenzelle kann chemisch ver\u00e4ndert werden. Dadurch wird die Produktion von Neurotransmittern (Botenstoffe) in den gerade aktivierten Zellen und Netzwerken verst\u00e4rkt und somit die \u00dcbertragung der Botschaften von einer Zelle zur n\u00e4chsten im Gehirn effektiver und schneller.(Grawe,2004)<\/p>\n\n\n\n<p>So entwickelt das Kind Sprache, seine Selbstsicherheit, seine Selbstwirksamkeit, seine Selbstwahrnehmung und dadurch von selber auch Schritt f\u00fcr Schritt seine Selbstregulation. Auf diese einfache Art und Weise kann die Mutter demnach bewusst die Pers\u00f6nlichkeitsentwicklung ihres Kindes unterst\u00fctzen.<\/p>\n\n\n\n<p>Wird Marte Meo (Videocoaching) zur bildbasierten Entwicklungsunterst\u00fctzung bei Babys, Kindern, Jugendlichen und Erwachsenen mit speziellen Bed\u00fcrfnissen eingesetzt, scheinen vor allem auch neurobiologische Erkenntnisse hilfreich zu sein, um die in der Regel verbl\u00fcffende Wirksamkeit von Marte Meo mindestens teilsweise erkl\u00e4ren zu k\u00f6nnen.<\/p>\n\n\n\n<p>Auch dies konnte wissenschaftlich weiter untersucht und nat\u00fcrlich beschrieben werden.(Aarts 2002,2007,2009 Aarts und Rausch 2009 Braun 2004, 2006 H\u00fcther 2007 H\u00fcther und Bonney 2007)<\/p>\n","protected":false},"excerpt":{"rendered":"<p>Marte Meo hilft Kommunikationsbeziehungen so zu entwickeln, dass der Andere als Pers\u00f6nlichkeit wahrgenommen und mit seinen F\u00e4higkeiten respektiert wird. Er erlernt auch [&hellip;]<\/p>\n","protected":false},"author":1,"featured_media":0,"parent":0,"menu_order":0,"comment_status":"closed","ping_status":"closed","template":"","meta":{"footnotes":""},"class_list":["post-206","page","type-page","status-publish","hentry"],"_links":{"self":[{"href":"https:\/\/www.ergotherapie-straten.de\/wordpress\/wp-json\/wp\/v2\/pages\/206","targetHints":{"allow":["GET"]}}],"collection":[{"href":"https:\/\/www.ergotherapie-straten.de\/wordpress\/wp-json\/wp\/v2\/pages"}],"about":[{"href":"https:\/\/www.ergotherapie-straten.de\/wordpress\/wp-json\/wp\/v2\/types\/page"}],"author":[{"embeddable":true,"href":"https:\/\/www.ergotherapie-straten.de\/wordpress\/wp-json\/wp\/v2\/users\/1"}],"replies":[{"embeddable":true,"href":"https:\/\/www.ergotherapie-straten.de\/wordpress\/wp-json\/wp\/v2\/comments?post=206"}],"version-history":[{"count":3,"href":"https:\/\/www.ergotherapie-straten.de\/wordpress\/wp-json\/wp\/v2\/pages\/206\/revisions"}],"predecessor-version":[{"id":220,"href":"https:\/\/www.ergotherapie-straten.de\/wordpress\/wp-json\/wp\/v2\/pages\/206\/revisions\/220"}],"wp:attachment":[{"href":"https:\/\/www.ergotherapie-straten.de\/wordpress\/wp-json\/wp\/v2\/media?parent=206"}],"curies":[{"name":"wp","href":"https:\/\/api.w.org\/{rel}","templated":true}]}}