{"id":211,"date":"2024-03-26T09:11:40","date_gmt":"2024-03-26T08:11:40","guid":{"rendered":"\/wordpress\/?page_id=211"},"modified":"2024-03-26T09:11:41","modified_gmt":"2024-03-26T08:11:41","slug":"eltern-kind-beziehung-ab-erstem-lebensjahr","status":"publish","type":"page","link":"https:\/\/www.ergotherapie-straten.de\/wordpress\/eltern-kind-beziehung-ab-erstem-lebensjahr\/","title":{"rendered":"Eltern-Kind Beziehung ab erstem Lebensjahr"},"content":{"rendered":"\n<p>Kinder brauchen Liebe. Das ist hinl\u00e4nglich bekannt. Relativ jung ist jedoch die Erkenntnis, dass Liebe nicht nur die emotionale Reifung pr\u00e4gt, sondern auch die Gehirnstruktur beeinflusst. Gerade in den ersten Lebensmonaten haben Eltern einen besonders pr\u00e4genden Einfluss auf die emotionale und geistige &nbsp;Entwicklung und das Verhalten Ihres Kindes. Erfolgreiches Lernen in so wichtigen Bereichen wie Sprache, Wahrnehmung und Motorik funktioniert am besten bei einer &#8222;passenden&#8220; Eltern-Kind-Interaktion. Das bedeutet: St\u00f6rungen in der Bindung und Beziehung zwischen Eltern und S\u00e4ugling k\u00f6nnen das Lernen blockieren.<\/p>\n\n\n\n<h5 class=\"wp-block-heading\"><strong>\u201eSchreibabys\u201c<\/strong><\/h5>\n\n\n\n<p>Es gibt aber aus verschiedenen Gr\u00fcnden auch &#8222;schwierige&#8220; S\u00e4uglinge oder sog. \u201eSchreibabys\u201c, die ihren Eltern eine angemessene Beziehung und Verhaltenssteuerung schwer oder unm\u00f6glich machen. B\u00fccher, Bekannte und Freunde, Zeitungsartikel geben dann gerne gut gemeinte Ratschl\u00e4ge und der Kinderarzt antwortet vielleicht mit einem aufmunternden \u201edas verw\u00e4chst sich, Kinder schreien nun mal\u2026\u201c &nbsp;Dies f\u00fchrt bei den bem\u00fchten Eltern fast immer zu negativen Gef\u00fchlen bis hin zu Aggression oder Depression. Die geben ihr Bestes ohne erkennbaren Erfolg, sind am Ende ihrer Kr\u00e4fte und f\u00fchlen sich unverstanden und hilflos. Ein Teufelskreis beginnt. Wir halten eine kompetente Unterst\u00fctzung in dieser meist schwierigen Anfangsphase der Eltern-Kind-Beziehung f\u00fcr sehr wichtig und bieten folgendes an:<\/p>\n\n\n\n<ul class=\"wp-block-list\">\n<li>Praktische M\u00f6glichkeiten der videounterst\u00fctzten Beobachtung von Regulations- und Interaktionsst\u00f6rungen im Verlauf des ersten Lebensjahrs<\/li>\n\n\n\n<li>Optimale F\u00f6rderung des Lernens zu den verschiedenen Entwicklungszeitpunkten<\/li>\n\n\n\n<li>Konkrete Handlungsanweisungen f\u00fcr das Umgehen mit schwierigen Situationen wie Schlafen, F\u00fcttern, Schreien<\/li>\n\n\n\n<li>Fr\u00fcherkennung von K\u00f6rper- oder Blickkontaktblockierungen im ersten Lebensjahr (Kind wehrt sich z.B. beim Kuscheln, weicht dem Blickkontakt aus oder vermeidet ihn<\/li>\n\n\n\n<li>Fr\u00fcherkennung von St\u00f6rungen der Sensorischen Integration &#8211; Diagnostik und therapeutische Optionen im ersten Lebensjahr<\/li>\n\n\n\n<li>Fr\u00fcherkennung von kurzen Aufmerksamkeitsspannen, die Lernen erschweren k\u00f6nnen<\/li>\n<\/ul>\n\n\n\n<p>In der Therapie von gr\u00f6\u00dferen Kindern mit Aufmerksamkeitsst\u00f6rungen, Lernblockierungen, aggressivem Verhalten und anderen Schwierigkeiten zeigt sich h\u00e4ufig, dass diese Kinder bereits im ersten Lebensjahr durch Regulations- und Interaktionsschwierigkeiten auffielen.&nbsp;<\/p>\n","protected":false},"excerpt":{"rendered":"<p>Kinder brauchen Liebe. Das ist hinl\u00e4nglich bekannt. Relativ jung ist jedoch die Erkenntnis, dass Liebe nicht nur die emotionale Reifung pr\u00e4gt, sondern [&hellip;]<\/p>\n","protected":false},"author":1,"featured_media":0,"parent":0,"menu_order":0,"comment_status":"closed","ping_status":"closed","template":"","meta":{"footnotes":""},"class_list":["post-211","page","type-page","status-publish","hentry"],"_links":{"self":[{"href":"https:\/\/www.ergotherapie-straten.de\/wordpress\/wp-json\/wp\/v2\/pages\/211","targetHints":{"allow":["GET"]}}],"collection":[{"href":"https:\/\/www.ergotherapie-straten.de\/wordpress\/wp-json\/wp\/v2\/pages"}],"about":[{"href":"https:\/\/www.ergotherapie-straten.de\/wordpress\/wp-json\/wp\/v2\/types\/page"}],"author":[{"embeddable":true,"href":"https:\/\/www.ergotherapie-straten.de\/wordpress\/wp-json\/wp\/v2\/users\/1"}],"replies":[{"embeddable":true,"href":"https:\/\/www.ergotherapie-straten.de\/wordpress\/wp-json\/wp\/v2\/comments?post=211"}],"version-history":[{"count":1,"href":"https:\/\/www.ergotherapie-straten.de\/wordpress\/wp-json\/wp\/v2\/pages\/211\/revisions"}],"predecessor-version":[{"id":212,"href":"https:\/\/www.ergotherapie-straten.de\/wordpress\/wp-json\/wp\/v2\/pages\/211\/revisions\/212"}],"wp:attachment":[{"href":"https:\/\/www.ergotherapie-straten.de\/wordpress\/wp-json\/wp\/v2\/media?parent=211"}],"curies":[{"name":"wp","href":"https:\/\/api.w.org\/{rel}","templated":true}]}}