{"id":222,"date":"2024-03-26T09:19:14","date_gmt":"2024-03-26T08:19:14","guid":{"rendered":"\/wordpress\/?page_id=222"},"modified":"2024-03-26T09:19:14","modified_gmt":"2024-03-26T08:19:14","slug":"ganzheitliches-gedaechtnistraining","status":"publish","type":"page","link":"https:\/\/www.ergotherapie-straten.de\/wordpress\/ganzheitliches-gedaechtnistraining\/","title":{"rendered":"Ganzheitliches Ged\u00e4chtnistraining"},"content":{"rendered":"\n<p id=\"isPasted\"><em>&#8222;\u00c4aahm&#8230;&#8220; &#8211; jeder kennt diese Situation, man kann sich nicht richtig erinnern, findet das Wort oder den Namen nicht oder steht einfach &#8218;auf dem Schlauch&#8216;. Betroffene gibt es in allen Altersklassen.<\/em><\/p>\n\n\n\n<p>Ganzheitliches Ged\u00e4chtnistraining steigert spielerisch und ohne Stress die Leistung des Gehirns und beteiligt K\u00f6rper, Geist und Seele. Auf der Basis modernster Forschung entwickelte der Bundesverband Ged\u00e4chtnistraining e.V. ein ausgew\u00e4hltes \u00dcbungsprogramm zur F\u00f6rderung spezifischer Gehirnleistungen.<\/p>\n\n\n\n<p>Das Ganzheitliche Ged\u00e4chtnistraining hat&nbsp;<strong>12 Trainingsziele.<\/strong><\/p>\n\n\n\n<ul class=\"wp-block-list\">\n<li><strong>Assoziatives Denken<\/strong><br>Verkn\u00fcpfung neuer Informationen mit bereits gespeicherten<\/li>\n\n\n\n<li><strong>Denkflexibilit\u00e4t<\/strong><br>F\u00e4higkeit, auf wechselnde Situationen schnell zu reagieren<\/li>\n\n\n\n<li><strong>Fantasie &amp; Kreativit\u00e4t<\/strong><br>Vorstellungs- oder Einbildungskraft f\u00f6rdern, sch\u00f6pferische Einf\u00e4lle anregen<\/li>\n\n\n\n<li><strong>Formulierung<\/strong><br>Einen Sachverhalt oder Gedanken in sprachlich richtiger Form ausdr\u00fccken<\/li>\n\n\n\n<li><strong>Konzentration<\/strong><br>Die ungeteilte Aufmerksamkeit auf eine Sache lenken<\/li>\n\n\n\n<li><strong>Logisches Denken<\/strong><br>Folgerichtiges, schl\u00fcssiges Denken aufgrund gegebener Aussagen<\/li>\n\n\n\n<li><strong>Merkf\u00e4higkeit<\/strong><br>Die F\u00e4higkeit, Wahrnehmungen kurzfristig und langfristig zu speichern<\/li>\n\n\n\n<li><strong>Strukturieren<\/strong><br>Inhalte nach einem Bezugs- oder Regelsystem aufbauen und gliedern<\/li>\n\n\n\n<li><strong>Urteilsf\u00e4higkeit<\/strong><br>Treffen einer Entscheidung nach Abw\u00e4gen aller bekannten Faktoren<\/li>\n\n\n\n<li><strong>Wahrnehmung<\/strong><br>Etwas bewusst mit einem oder mehreren Sinnen aufnehmen<\/li>\n\n\n\n<li><strong>Wortfindung<\/strong><br>Abrufen von W\u00f6rtern aus dem Wortspeicher<\/li>\n\n\n\n<li><strong>Zusammenh\u00e4nge erkennen<\/strong><br>Neue Informationen in bestehende Wissensstrukturen integrieren und sinnvolle Zusammenh\u00e4nge herstellen<\/li>\n<\/ul>\n\n\n\n<p>Ganzheitliches Ged\u00e4chtnistraining bezieht alle Sinne und nat\u00fcrlich beide Gehirnh\u00e4lften mit ein. In der Gruppe f\u00f6rdert es die Sprachf\u00e4higkeit und die soziale Kompetenz. Nachweislich verbessert es die Durchblutung und den Stoffwechsel des Gehirns, was zu einer Steigerung der allgemeinen Lernf\u00e4higkeit f\u00fchrt. Die gleichzeitige Aktivierung des gesamten Organismus hebt das k\u00f6rperliche und geistige Wohlbefinden.<\/p>\n","protected":false},"excerpt":{"rendered":"<p>&#8222;\u00c4aahm&#8230;&#8220; &#8211; jeder kennt diese Situation, man kann sich nicht richtig erinnern, findet das Wort oder den Namen nicht oder steht einfach [&hellip;]<\/p>\n","protected":false},"author":1,"featured_media":0,"parent":0,"menu_order":0,"comment_status":"closed","ping_status":"closed","template":"","meta":{"footnotes":""},"class_list":["post-222","page","type-page","status-publish","hentry"],"_links":{"self":[{"href":"https:\/\/www.ergotherapie-straten.de\/wordpress\/wp-json\/wp\/v2\/pages\/222","targetHints":{"allow":["GET"]}}],"collection":[{"href":"https:\/\/www.ergotherapie-straten.de\/wordpress\/wp-json\/wp\/v2\/pages"}],"about":[{"href":"https:\/\/www.ergotherapie-straten.de\/wordpress\/wp-json\/wp\/v2\/types\/page"}],"author":[{"embeddable":true,"href":"https:\/\/www.ergotherapie-straten.de\/wordpress\/wp-json\/wp\/v2\/users\/1"}],"replies":[{"embeddable":true,"href":"https:\/\/www.ergotherapie-straten.de\/wordpress\/wp-json\/wp\/v2\/comments?post=222"}],"version-history":[{"count":1,"href":"https:\/\/www.ergotherapie-straten.de\/wordpress\/wp-json\/wp\/v2\/pages\/222\/revisions"}],"predecessor-version":[{"id":223,"href":"https:\/\/www.ergotherapie-straten.de\/wordpress\/wp-json\/wp\/v2\/pages\/222\/revisions\/223"}],"wp:attachment":[{"href":"https:\/\/www.ergotherapie-straten.de\/wordpress\/wp-json\/wp\/v2\/media?parent=222"}],"curies":[{"name":"wp","href":"https:\/\/api.w.org\/{rel}","templated":true}]}}