{"id":234,"date":"2024-03-26T09:24:35","date_gmt":"2024-03-26T08:24:35","guid":{"rendered":"\/wordpress\/?page_id=234"},"modified":"2024-03-26T09:24:35","modified_gmt":"2024-03-26T08:24:35","slug":"sensorische-integration","status":"publish","type":"page","link":"https:\/\/www.ergotherapie-straten.de\/wordpress\/sensorische-integration\/","title":{"rendered":"Sensorische Integration"},"content":{"rendered":"\n<h5 class=\"wp-block-heading\" id=\"isPasted\"><strong>Was ist Sensorische Integration?<\/strong><\/h5>\n\n\n\n<p>Unter Sensorischer Integration versteht man das Zusammenwirken der eintreffenden Sinneseindr\u00fccke (\u00fcber Augen, Ohren, Nase, Geschmacksnerven, Haut und Gleichgewichtsorgan) und deren Wahrnehmung und Deutung im zentralen Nervensystem sowie die F\u00e4higkeit, K\u00f6rpersprache oder Handeln seiner Mitmenschen zu deuten, diese nachvollziehen zu k\u00f6nnen und situationsangemessen zu reagieren.<\/p>\n\n\n\n<p>Bei einer&nbsp;<strong>Sensorischen Integrationsst\u00f6rung<\/strong>&nbsp;werden die Eindr\u00fccke im Gehirn nicht richtig verarbeitet. Meist sind Kinder betroffen. Diese haben h\u00e4ufig Lernst\u00f6rungen und die Alltagsbew\u00e4ltigung f\u00e4llt ihnen schwer. Je fr\u00fcher ein Ergotherapeut aufgesucht und eine St\u00f6rung erkannt wird, desto h\u00f6her sind die Chancen auf eine erfolgreiche Therapie. Erwachsene mit einer Sensorischen Integrationsst\u00f6rung hatten gr\u00f6\u00dftenteils als Kind schon Probleme.<\/p>\n\n\n\n<p>Die&nbsp;<strong>Symptome<\/strong>&nbsp;k\u00f6nnen folgende sein:<\/p>\n\n\n\n<p><strong>Im S\u00e4uglingsalter<\/strong><\/p>\n\n\n\n<ul class=\"wp-block-list\">\n<li>gest\u00f6rter Schlafrhythmus<\/li>\n\n\n\n<li>Saug- und Schluckprobleme<\/li>\n\n\n\n<li>Unruhe und Schreien<\/li>\n\n\n\n<li>auffallend geringe Aktivit\u00e4t<\/li>\n\n\n\n<li>irritiertes Verhalten bei Ber\u00fchrung<\/li>\n<\/ul>\n\n\n\n<p><strong>Im Klein- \/ Schulkindalter<\/strong><\/p>\n\n\n\n<ul class=\"wp-block-list\">\n<li>verz\u00f6gerte Sprachentwicklung<\/li>\n\n\n\n<li>verz\u00f6gerte motorische Entwicklung<\/li>\n\n\n\n<li>Ungeschicklichkeit \/ Tolpatschigkeit (Dyspraxie)<\/li>\n\n\n\n<li>mangelndes K\u00f6rper- und Selbstbewusstsein<\/li>\n\n\n\n<li>\u00dcberempfindlichkeit gegen\u00fcber ungewohnten Ger\u00e4uschen<\/li>\n\n\n\n<li>Anpassungsschwierigkeiten in neuen Situationen<\/li>\n\n\n\n<li>Hyper- oder Hypoaktivit\u00e4t<\/li>\n\n\n\n<li>Lernst\u00f6rungen<\/li>\n\n\n\n<li>Vermeidung, die H\u00e4nde zu gebrauchen<\/li>\n\n\n\n<li>unangemessene K\u00f6rperhaltung<\/li>\n\n\n\n<li>Meiden von Situationen, in denen es zu Ber\u00fchrungen kommen kann (Disco, \u00f6ffentl. Verkehrsmittel, Warteschlangen, etc.)<\/li>\n\n\n\n<li>H\u00f6henangst<\/li>\n\n\n\n<li>h\u00e4ufiges Anrempeln von anderen Menschen oder z. B. T\u00fcrrahmen<\/li>\n<\/ul>\n\n\n\n<p>Eine Sensorische Integrationsst\u00f6rung ist jedoch kein Anzeichen f\u00fcr mindere Intelligenz oder Begabung!<\/p>\n\n\n\n<p>Die&nbsp;<strong>Sensorische Integrationstherapie<\/strong>&nbsp;ist eine neurophysiologische Behandlung und wurde ma\u00dfgeblich von der amerikanischen Psychologin und Ergotherapeutin A. Jean Ayres (1920 &#8211; 1989) entwickelt.<\/p>\n\n\n\n<p>Die Behandlung findet in spielerischer Umgebung statt. Dies ist meist ein Raum mit Kletterm\u00f6glichkeiten, aufgeh\u00e4ngten Spielger\u00e4ten, Matten, Trampolinen, H\u00e4ngematten und teilweise unebenem Boden. Damit sollen ein besseres Gleichgewichtsgef\u00fchl und eine Erh\u00f6hung der muskul\u00f6sen Grundspannung zur positiveren K\u00f6rperhaltung erreicht werden.<\/p>\n\n\n\n<p>Haupts\u00e4chlich wird die Sensorische Integrationstherapie bei Kindern angewendet, mittlerweile aber auch bei psychisch erkrankten Erwachsenen mit K\u00f6rperwahrnehmungsst\u00f6rungen (beispielsweise bei Schizophrenie)<\/p>\n\n\n\n<p>Die&nbsp;<strong>Ziele&nbsp;<\/strong>sind bessere Hand-\/ Augenkoordination, Bewegungskoordination, Sprach- und Kommunikationsverbesserung, verbesserte Selbstwahrnehmung und die Erkenntnis \u00fcber die Bedeutung bestimmter Handlungen.<\/p>\n","protected":false},"excerpt":{"rendered":"<p>Was ist Sensorische Integration? Unter Sensorischer Integration versteht man das Zusammenwirken der eintreffenden Sinneseindr\u00fccke (\u00fcber Augen, Ohren, Nase, Geschmacksnerven, Haut und Gleichgewichtsorgan) [&hellip;]<\/p>\n","protected":false},"author":1,"featured_media":0,"parent":0,"menu_order":0,"comment_status":"closed","ping_status":"closed","template":"","meta":{"footnotes":""},"class_list":["post-234","page","type-page","status-publish","hentry"],"_links":{"self":[{"href":"https:\/\/www.ergotherapie-straten.de\/wordpress\/wp-json\/wp\/v2\/pages\/234","targetHints":{"allow":["GET"]}}],"collection":[{"href":"https:\/\/www.ergotherapie-straten.de\/wordpress\/wp-json\/wp\/v2\/pages"}],"about":[{"href":"https:\/\/www.ergotherapie-straten.de\/wordpress\/wp-json\/wp\/v2\/types\/page"}],"author":[{"embeddable":true,"href":"https:\/\/www.ergotherapie-straten.de\/wordpress\/wp-json\/wp\/v2\/users\/1"}],"replies":[{"embeddable":true,"href":"https:\/\/www.ergotherapie-straten.de\/wordpress\/wp-json\/wp\/v2\/comments?post=234"}],"version-history":[{"count":1,"href":"https:\/\/www.ergotherapie-straten.de\/wordpress\/wp-json\/wp\/v2\/pages\/234\/revisions"}],"predecessor-version":[{"id":235,"href":"https:\/\/www.ergotherapie-straten.de\/wordpress\/wp-json\/wp\/v2\/pages\/234\/revisions\/235"}],"wp:attachment":[{"href":"https:\/\/www.ergotherapie-straten.de\/wordpress\/wp-json\/wp\/v2\/media?parent=234"}],"curies":[{"name":"wp","href":"https:\/\/api.w.org\/{rel}","templated":true}]}}