{"id":45,"date":"2024-03-25T22:25:15","date_gmt":"2024-03-25T21:25:15","guid":{"rendered":"\/wordpress\/?page_id=45"},"modified":"2024-03-26T08:20:16","modified_gmt":"2024-03-26T07:20:16","slug":"impressum","status":"publish","type":"page","link":"https:\/\/www.ergotherapie-straten.de\/wordpress\/impressum\/","title":{"rendered":"Impressum"},"content":{"rendered":"\n<p>Verantwortlich f\u00fcr die Domain<br>https:\/\/www.ergotherapie-straten.de<br>nach TMG<\/p>\n\n\n\n<p><strong>Praxis f\u00fcr Ergotherapie<\/strong><br>Jessica Straten<br>Bismarckplatz 2<br>32469 Petershagen- Lahde<\/p>\n\n\n\n<p>Telefon 05702 8909068<br>eMail: info@ergotherapie-straten.de<\/p>\n\n\n\n<p>Staatl. gepr\u00fcfte Ergotherapeutin<br><a href=\"http:\/\/blindow.de\/bueckeburg-bbs?gclid=COWWg7mttb8CFRHHtAod2kMAjA\">Examen 1996 Blindow Schulen B\u00fcckeburg<\/a><\/p>\n\n\n\n<h3 class=\"wp-block-heading\">Haftungshinweis<\/h3>\n\n\n\n<p>Trotz sorgf\u00e4ltiger inhaltlicher Kontrolle \u00fcbernehmen wir keine Haftung f\u00fcr die Inhalte externer Links. F\u00fcr den Inhalt der verlinkten Seiten sind ausschlie\u00dflich deren Betreiber verantwortlich.<\/p>\n","protected":false},"excerpt":{"rendered":"<p>Verantwortlich f\u00fcr die Domainhttps:\/\/www.ergotherapie-straten.denach TMG Praxis f\u00fcr ErgotherapieJessica StratenBismarckplatz 232469 Petershagen- Lahde Telefon 05702 8909068eMail: info@ergotherapie-straten.de Staatl. gepr\u00fcfte ErgotherapeutinExamen 1996 Blindow Schulen [&hellip;]<\/p>\n","protected":false},"author":1,"featured_media":0,"parent":0,"menu_order":0,"comment_status":"closed","ping_status":"closed","template":"","meta":{"footnotes":""},"class_list":["post-45","page","type-page","status-publish","hentry"],"_links":{"self":[{"href":"https:\/\/www.ergotherapie-straten.de\/wordpress\/wp-json\/wp\/v2\/pages\/45","targetHints":{"allow":["GET"]}}],"collection":[{"href":"https:\/\/www.ergotherapie-straten.de\/wordpress\/wp-json\/wp\/v2\/pages"}],"about":[{"href":"https:\/\/www.ergotherapie-straten.de\/wordpress\/wp-json\/wp\/v2\/types\/page"}],"author":[{"embeddable":true,"href":"https:\/\/www.ergotherapie-straten.de\/wordpress\/wp-json\/wp\/v2\/users\/1"}],"replies":[{"embeddable":true,"href":"https:\/\/www.ergotherapie-straten.de\/wordpress\/wp-json\/wp\/v2\/comments?post=45"}],"version-history":[{"count":3,"href":"https:\/\/www.ergotherapie-straten.de\/wordpress\/wp-json\/wp\/v2\/pages\/45\/revisions"}],"predecessor-version":[{"id":143,"href":"https:\/\/www.ergotherapie-straten.de\/wordpress\/wp-json\/wp\/v2\/pages\/45\/revisions\/143"}],"wp:attachment":[{"href":"https:\/\/www.ergotherapie-straten.de\/wordpress\/wp-json\/wp\/v2\/media?parent=45"}],"curies":[{"name":"wp","href":"https:\/\/api.w.org\/{rel}","templated":true}]}}