{"id":47,"date":"2024-03-25T22:24:03","date_gmt":"2024-03-25T21:24:03","guid":{"rendered":"\/wordpress\/?page_id=47"},"modified":"2024-03-26T10:05:02","modified_gmt":"2024-03-26T09:05:02","slug":"datenschutz","status":"publish","type":"page","link":"https:\/\/www.ergotherapie-straten.de\/wordpress\/datenschutz\/","title":{"rendered":"Datenschutz"},"content":{"rendered":"\n<h5 class=\"wp-block-heading\">1. Wozu dient die Datenschutzerkl\u00e4rung?<\/h5>\n\n\n\n<p>Auf dieser Seite werden Sie dar\u00fcber informiert, was mit Ihren personenbezogenen Daten auf der Internetpr\u00e4senz ergotherapie-straten.de geschieht. Personenbezogene Daten bezeichnet man s\u00e4mtlich Daten, die eine pers\u00f6nliche Identifizierung der Besucher m\u00f6glich machen k\u00f6nnten.<br><br>Der Seitenbetreiber nimmt den Schutz Ihrer pers\u00f6nlichen Daten sehr ernst und setzt alles daran, im Rahmen der gesetzlichen Vorschriften zum Datenschutz zu agieren. S\u00e4mtliche personenbezogenen Daten werden streng vertraulich behandelt und weiterverarbeitet. Wie genau erfahren Sie in dieser Datenschutzerkl\u00e4rung.<br><br>Hinweis: Daten\u00fcbertragung im Internet ist leider niemals 100% sicher. Auch bei noch so gro\u00dfer Sorgfalt k\u00f6nnen Sicherheitsl\u00fccken, z.B. bei der \u00dcbertragung der Daten aus dem Kontaktformular, auftreten.<br><br>Wie, wo und durch wen werden personenbezogene Daten erfasst?<br><br>Ihre Daten gelangen nur zum Seitenbetreiber, wenn Sie selbst Daten in ein Online-Formular der Seite eingeben, z.B. Kontaktformular. Diese Ein-\/Angaben werden beim Absenden direkt an den Betreiber dieser Website gesendet, im Impressum dieser Website stehen die Kontaktdaten zu dieser Person.<br><br>Es gibt auch technische Daten, die ganz automatisch bei Ihrem Besuch der Website vom System erfasst werden (Serverlogdaten, Cookies). Die Systeme k\u00f6nnen dadurch die Seite fehlerfrei f\u00fcr Sie bereitstellen. Andere Daten k\u00f6nnen zur Analyse verwendet werden, welche Seiten Sie wie oft und wie lange angeklickt haben. Mehr dazu erfahren Sie im Abschnitt &#8222;Datenerfassung auf dieser Website&#8220;.<br><br>Seitenbesucher haben das Recht Auskunft \u00fcber Herkunft, Empf\u00e4nger und Zweck Ihrer gespeicherten personenbezogenen Daten zu erhalten. Diese Auskunft muss kostenlos erteilt werden.<br><br>Seitenbesucher haben ein Recht auf Berichtigung, Sperrung oder L\u00f6schung Ihrer Daten.<br><br>Seitenbesucher haben das Recht, bei der zust\u00e4ndigen Aufsichtsbeh\u00f6rde Beschwerde einzureichen.<\/p>\n\n\n\n<hr class=\"wp-block-separator has-alpha-channel-opacity\"\/>\n\n\n\n<h5 class=\"wp-block-heading\">2. Pflichtinformationen<\/h5>\n\n\n\n<p>Verantwortlich:<br>Jessica Straten<br>Bismarckplatz 2<br>32469 Petershagen- Lahde<br>Telefon 05702 &#8211; 890 90 68<br>E-Mail: info@ergotherapie-straten.de<\/p>\n\n\n\n<p>Diese Person entscheidet \u00fcber die Zwecke und Mittel der Verarbeitung von personenbezogenen Daten.<br><br><strong>Auskunft, Sperrung und L\u00f6schung<\/strong><br>Jederzeit k\u00f6nnen Sie erfragen, welche Daten konkret zu Ihrer Person gespeichert wurden, und zwar kostenlos, unkompliziert und umfassend. Das bedeutet, Sie haben ein Recht darauf zu erfahren, wie die Daten zum Seitenbetreiber gelangt sind und zu welchem Zweck sie verarbeitet werden. Dar\u00fcber hinaus m\u00fcssen Ihre Daten auch gel\u00f6scht werden, sofern Sie dies w\u00fcnschen. Sollten Sie dazu Fragen haben, wenden Sie sich an die o.g. verantwortliche Person.<br><br><strong>R\u00fcckrufklausel<\/strong><br>Wenn Sie \u00fcber das Kontaktformular Kontakt aufnehmen und eine Aufforderung zum R\u00fcckruf an den Seitenbetreiber richten, speichert dieser Kontaktdaten (FIrma, Name, Vorname, E-Mail-Adresse, Telefonnummer) sowie Ihr Anliegen. Die Daten werden dazu verwendet, Ihre Anfrage weiter bearbeiten zu k\u00f6nnen und Kontakt aufzunehmen. Eine weitere Nutzung der personenbezogenen Daten ohne Zustimmung der Absenderin\/des Absenders findet nicht statt.<br><br><strong>Widerruf der Einwilligung zur Datenverarbeitung<\/strong><br>Sofern ein Vorgang &#8211; wie im letzten Abschnitt beschrieben &#8211; zur Datenermittlung und\/oder Verarbeitung mit Ihrer ausdr\u00fccklichen Einwilligung geschieht, kann diese erteilte Einwilligung jederzeit widerrufen werden.<br>Senden Sie dazu eine formlose Mitteilung per E-Mail an die o.g. verantwortliche Person.<br>Die Rechtm\u00e4\u00dfigkeit der bis zum Widerruf erfolgten Datenverarbeitung bleibt vom Widerruf unber\u00fchrt.<br><br><strong>Recht auf Daten\u00fcbertragbarkeit<\/strong><br>Daten, die wir mit Ihrer Einwilligung automatisiert einholen und verarbeiten, d\u00fcrfen Sie sich jederzeit aush\u00e4ndigen lassen. Sie k\u00f6nnen auf Ihren Wunsch auch an Dritte ausgegeben werden, sofern dies technisch machbar ist. Die Daten m\u00fcssen in einem maschinenlesbaren allgemein \u00fcblichen Format ausgeh\u00e4ndigt werden.<br><br><strong>Beschwerderecht bei der zust\u00e4ndigen Aufsichtsbeh\u00f6rde<\/strong><br>Sollten Sie datenschutzrechtliche Verst\u00f6\u00dfe feststellen, steht Ihnen bzw. der betroffenen Person das Beschwerderecht bei der zust\u00e4ndigen Aufsichtsbeh\u00f6rde zu: Landesdatenschutzbeauftragte des Bundeslandes, in dem unser Unternehmen seinen Sitz hat. Eine Liste der Datenschutzbeauftragten sowie deren Kontaktdaten k\u00f6nnen folgendem Link entnommen werden: https:\/\/www.bfdi.bund.de\/DE\/Infothek\/Anschriften_Links\/anschriften_links-node.html.<br><br><strong>Verschl\u00fcsselung (SSL\/TLS)<\/strong><br>Diese Inhalte dieser Seite sind durch eine SSL-bzw. TLS-Verschl\u00fcsselung gesch\u00fctzt. Dies bietet mehr Sicherheit und sch\u00fctzt vor allem Daten, die von Ihnen in das Kontaktformular eingegeben und \u00fcbertragen werden vor dem Zugriff Dritter. Desktop-Browser kennzeichnen verschl\u00fcsselte Seiten durch ein Schloss-Symbol in der Adress-Leiste. Man kann sie auch an der URL, der Adresse erkennen: Statt \u201chttp:\/\/\u201d steht bei Verschl\u00fcsselung \u201chttps:\/\/\u201d vor der eigentlichen Webadresse.<br><br><strong>Widerspruch gegen Werbe-Mails<\/strong><br>Der Nutzung von im Rahmen der Impressumspflicht ver\u00f6ffentlichten Kontaktdaten zur \u00dcbersendung von nicht ausdr\u00fccklich angeforderter Werbung und Informationsmaterialien wird hiermit widersprochen. Die Betreiber der Seiten behalten sich ausdr\u00fccklich rechtliche Schritte im Falle der unverlangten Zusendung von Werbeinformationen, etwa durch Spam-E-Mails, vor.<\/p>\n\n\n\n<hr class=\"wp-block-separator has-alpha-channel-opacity\"\/>\n\n\n\n<h5 class=\"wp-block-heading\">3. Datenerfassung dieser Website<\/h5>\n\n\n\n<p><strong>Server-Log-Dateien<\/strong><br>Folgende Daten werden beim Seitenbesuch automatisiert durch den Provider (Internetdiensteanbieter) erfasst:<br>&#8211; Browsertyp und Browserversion<br>&#8211; verwendetes Betriebssystem<br>&#8211; Referrer URL (die Adresse der Seite, von der Sie kamen)<br>&#8211; Hostname des zugreifenden Rechners (Web-Server-Adresse)<br>&#8211; Uhrzeit und Datum der Serveranfrage<br>&#8211; IP-Adresse (eindeutig identifizierbare Adresse, mit der Sie im Internet unterwegs sind)<br>Die Server-Log-Daten werden nicht mit Ihren anderen Daten in Verbindung gebracht (z.B. wenn Sie eine Nachricht \u00fcber ein Kontaktformular senden).<\/p>\n\n\n\n<p>Diese Vorgehensweise ist durch Art. 6 Abs. 1 lit. b DSGVO geregelt, nachdem eine Verarbeitung von Daten zur Erf\u00fcllung eines Vertrags oder vorvertraglicher Ma\u00dfnahmen erlaubt ist.<\/p>\n\n\n\n<p><strong>Cookies<\/strong><br>Cookies sind Textdateien, die wie ein Beh\u00e4lter zum Sammeln von Informationen dienen. Viele Systeme setzen sie ein um zu erfahren, welche Anwendungsumgebung ein Nutzer hat (Browser, Betriebssystem, Ger\u00e4t). Das ist sinnvoll, damit Aussehen und Funktionen optimal angepasst werden k\u00f6nnen. Erlaubt und geregelt ist dies auf Grundlage von Art. 6 Abs. 1 lit. f DSGVO.<br><br>Es gibt auch Cookies, die m\u00f6glichst viele Daten eines Seitenbesuchers \/ einer Seitenbesucherin speichern, um das Surfverhalten zu analysieren und ggf. Werbung darauf anzupassen. Solche so genannten Tracking-Cookies verwendet diese Seite nicht.<br><br>Cookies k\u00f6nnen in jedem Browser deaktiviert werden, i.d.R. ohne gro\u00dfe Einbu\u00dfen der Funktionalit\u00e4t. F\u00fcr manche Browser wurden auch AddOns entwickelt, die das erleichterte An- und Ausschalten von Cookies erm\u00f6glichen.<\/p>\n\n\n\n<p><strong>Kontaktformular<\/strong><br>Angaben, die Sie bei der Nutzung des Kontaktformulars machen, werden ohne Ihre Einwilligung und ohne Notwendigkeit nicht an Dritte weitergegeben. Die Pflichtangaben werden ben\u00f6tigt, um Ihre Anfrage zu bearbeiten. Mit dem Absenden geben Sie hierzu Ihre Einwilligung, diese k\u00f6nnen Sie jederzeit widerrufen, indem Sie das z.B. per E-Mail mitteilen. So lange eine gesch\u00e4ftliche oder anders geartete Beziehung besteht und Sie nicht eine L\u00f6schung einfordern, bleiben Ihre Daten in der lokalen Kundendatei gespeichert. Es werden keine Nutzerkonten im Internet angelegt.<\/p>\n\n\n\n<hr class=\"wp-block-separator has-alpha-channel-opacity\"\/>\n\n\n\n<h5 class=\"wp-block-heading\">4. Tools<\/h5>\n\n\n\n<p><strong>Google Web Fonts<\/strong><br>Diese Internetseite nutzt Google-Web-Fonts, ein kostenloses Angebot von Google zum Einbetten lizenzfreier Schriftfonts. Mit dem Seitenaufruf l\u00e4dt Ihr Browser diese Schriftarten in den Browsercache.<br>Das Laden erfolgt \u00fcber ein externes Google-Script. Ihr Web-Browser nimmt daf\u00fcr Verbindung zu Google-Servern auf. Google erf\u00e4hrt dadurch, dass diese Internetseite \u00fcber Ihre IP-Adresse aufgerufen wurde. Die Nutzung von Google Web Fonts erfolgt im Interesse einer einheitlichen und ansprechenden Darstellung der Online-Angebote. Dies stellt ein berechtigtes Interesse im Sinne von Art. 6 Abs. 1 lit. f DSGVO dar.<br>Sollte Ihr Browser dieses Vorgehen nicht unterst\u00fctzen, wird eine Standardschrift von Ihrem Computer geladen. Dies kann allerdings den optischen Eindruck der Seite beeintr\u00e4chtigen (nicht die Inhalte).<br>Mehr Informationen zu Google Web Fonts: https:\/\/developers.google.com\/fonts\/faq<br>Datenschutzerkl\u00e4rung von Google: https:\/\/www.google.com\/policies\/privacy\/.<\/p>\n","protected":false},"excerpt":{"rendered":"<p>1. Wozu dient die Datenschutzerkl\u00e4rung? Auf dieser Seite werden Sie dar\u00fcber informiert, was mit Ihren personenbezogenen Daten auf der Internetpr\u00e4senz ergotherapie-straten.de geschieht. [&hellip;]<\/p>\n","protected":false},"author":1,"featured_media":0,"parent":0,"menu_order":0,"comment_status":"closed","ping_status":"closed","template":"","meta":{"footnotes":""},"class_list":["post-47","page","type-page","status-publish","hentry"],"_links":{"self":[{"href":"https:\/\/www.ergotherapie-straten.de\/wordpress\/wp-json\/wp\/v2\/pages\/47","targetHints":{"allow":["GET"]}}],"collection":[{"href":"https:\/\/www.ergotherapie-straten.de\/wordpress\/wp-json\/wp\/v2\/pages"}],"about":[{"href":"https:\/\/www.ergotherapie-straten.de\/wordpress\/wp-json\/wp\/v2\/types\/page"}],"author":[{"embeddable":true,"href":"https:\/\/www.ergotherapie-straten.de\/wordpress\/wp-json\/wp\/v2\/users\/1"}],"replies":[{"embeddable":true,"href":"https:\/\/www.ergotherapie-straten.de\/wordpress\/wp-json\/wp\/v2\/comments?post=47"}],"version-history":[{"count":6,"href":"https:\/\/www.ergotherapie-straten.de\/wordpress\/wp-json\/wp\/v2\/pages\/47\/revisions"}],"predecessor-version":[{"id":251,"href":"https:\/\/www.ergotherapie-straten.de\/wordpress\/wp-json\/wp\/v2\/pages\/47\/revisions\/251"}],"wp:attachment":[{"href":"https:\/\/www.ergotherapie-straten.de\/wordpress\/wp-json\/wp\/v2\/media?parent=47"}],"curies":[{"name":"wp","href":"https:\/\/api.w.org\/{rel}","templated":true}]}}