{"id":60,"date":"2024-03-25T22:03:21","date_gmt":"2024-03-25T21:03:21","guid":{"rendered":"\/wordpress\/?page_id=60"},"modified":"2024-03-27T10:23:42","modified_gmt":"2024-03-27T09:23:42","slug":"videocoaching","status":"publish","type":"page","link":"https:\/\/www.ergotherapie-straten.de\/wordpress\/videocoaching\/","title":{"rendered":"Videocoaching"},"content":{"rendered":"\n<p id=\"isPasted\">Hier kombinieren wir zwei sehr effiziente Behandlungsmethoden:<\/p>\n\n\n\n<ul class=\"wp-block-list\">\n<li><strong>IntraActPlus-Konzept nach Fritz Jansen und Uta Streit<\/strong><\/li>\n\n\n\n<li><strong>Marte Meo nach Maria Aarts<\/strong><\/li>\n<\/ul>\n\n\n\n<figure data-wp-context=\"{&quot;imageId&quot;:&quot;69e18c4cc7026&quot;}\" data-wp-interactive=\"core\/image\" data-wp-key=\"69e18c4cc7026\" class=\"wp-block-image size-full wp-lightbox-container\"><img loading=\"lazy\" decoding=\"async\" width=\"300\" height=\"200\" data-wp-class--hide=\"state.isContentHidden\" data-wp-class--show=\"state.isContentVisible\" data-wp-init=\"callbacks.setButtonStyles\" data-wp-on--click=\"actions.showLightbox\" data-wp-on--load=\"callbacks.setButtonStyles\" data-wp-on-window--resize=\"callbacks.setButtonStyles\" src=\"\/wordpress\/wp-content\/uploads\/2024\/03\/videocoaching_2.jpg\" alt=\"\" class=\"wp-image-116\" srcset=\"https:\/\/www.ergotherapie-straten.de\/wordpress\/wp-content\/uploads\/2024\/03\/videocoaching_2.jpg 300w, https:\/\/www.ergotherapie-straten.de\/wordpress\/wp-content\/uploads\/2024\/03\/videocoaching_2-230x153.jpg 230w\" sizes=\"auto, (max-width: 300px) 100vw, 300px\" \/><button\n\t\t\tclass=\"lightbox-trigger\"\n\t\t\ttype=\"button\"\n\t\t\taria-haspopup=\"dialog\"\n\t\t\taria-label=\"Vergr\u00f6\u00dfern\"\n\t\t\tdata-wp-init=\"callbacks.initTriggerButton\"\n\t\t\tdata-wp-on--click=\"actions.showLightbox\"\n\t\t\tdata-wp-style--right=\"state.imageButtonRight\"\n\t\t\tdata-wp-style--top=\"state.imageButtonTop\"\n\t\t>\n\t\t\t<svg xmlns=\"http:\/\/www.w3.org\/2000\/svg\" width=\"12\" height=\"12\" fill=\"none\" viewBox=\"0 0 12 12\">\n\t\t\t\t<path fill=\"#fff\" d=\"M2 0a2 2 0 0 0-2 2v2h1.5V2a.5.5 0 0 1 .5-.5h2V0H2Zm2 10.5H2a.5.5 0 0 1-.5-.5V8H0v2a2 2 0 0 0 2 2h2v-1.5ZM8 12v-1.5h2a.5.5 0 0 0 .5-.5V8H12v2a2 2 0 0 1-2 2H8Zm2-12a2 2 0 0 1 2 2v2h-1.5V2a.5.5 0 0 0-.5-.5H8V0h2Z\" \/>\n\t\t\t<\/svg>\n\t\t<\/button><\/figure>\n\n\n\n<p id=\"isPasted\">Aktuell setzt man die&nbsp;<strong>Videoarbeit<\/strong>&nbsp;auch vermehrt in der Behandlung von Erwachsenen ein.<\/p>\n\n\n\n<p>Die Videoarbeit im Rahmen des IntraActPlus oder Marte Meo Konzeptes erm\u00f6glicht sowohl das Erkennen als auch das Ver\u00e4ndern\/Bewusstmachen von:<\/p>\n\n\n\n<ul class=\"wp-block-list\">\n<li>Lern und Leistungsst\u00f6rungen (mangelnde Konzentration, geringe Ausdauer, fehlende &nbsp; &nbsp; Anstrengungsbereitschaft, mangelnde Motivation)<\/li>\n\n\n\n<li>Aufmerksamkeitsdefizitsyndrom mit und ohne Hyperaktivit\u00e4t<\/li>\n\n\n\n<li>oppositionelles Verhalten (Nichteinhalten von Grenzen), aggressives Verhalten<\/li>\n\n\n\n<li>Kontakt und Beziehungsst\u00f6rungen, Schwierigkeiten sich auf positive Beziehungen einzulassen<\/li>\n\n\n\n<li>Soziale Unsicherheit (\u00e4ngstliche und verunsicherte Kinder)<\/li>\n\n\n\n<li>Probleme beim Schriftspracherwerb (lesen und Rechtschreiben und Rechnen)<\/li>\n\n\n\n<li>Enuresis (Einn\u00e4ssen)<\/li>\n\n\n\n<li>Enkopresis (Einkoten)<\/li>\n\n\n\n<li>Einschlaf und Durchschlafst\u00f6rungen (Schreibabys)<\/li>\n\n\n\n<li>Alterskrankheiten (Demenz, Alzheimer, Angeh\u00f6rigenberatung)<\/li>\n<\/ul>\n\n\n\n<h5 class=\"wp-block-heading\"><strong>IntraActPlus-Konzept<\/strong><\/h5>\n\n\n\n<p>Eltern lernen Beziehungssignale zu deuten, zu interpretieren und zu beobachten. Sie lernen ihr eigenes Verhalten zu analysieren und zu reflektieren.&nbsp;<\/p>\n\n\n\n<p><em><a href=\"\/wordpress\/intraactplus-konzept\/\" data-type=\"page\" data-id=\"203\">Weiterlesen IntraActPlus-Konzept&#8230;<\/a><\/em><\/p>\n\n\n\n<hr class=\"wp-block-separator has-alpha-channel-opacity\"\/>\n\n\n\n<h5 class=\"wp-block-heading\" id=\"isPasted\"><strong>Schreibabys<\/strong><\/h5>\n\n\n\n<p>Kinder brauchen Liebe. Das ist hinl\u00e4nglich bekannt. Relativ jung ist jedoch die Erkenntnis, dass Liebe nicht nur die emotionale Reifung pr\u00e4gt, sondern auch die Gehirnstruktur beeinflusst. Gerade in den ersten Lebensmonaten haben Eltern einen besonders pr\u00e4genden Einfluss auf die emotionale und geistige &nbsp;Entwicklung und das Verhalten Ihres Kindes.<\/p>\n\n\n\n<p><a href=\"\/wordpress\/eltern-kind-beziehung-ab-erstem-lebensjahr\/\" data-type=\"page\" data-id=\"211\"><em>Weiterlesen Schreibabys<\/em><\/a><\/p>\n\n\n\n<hr class=\"wp-block-separator has-alpha-channel-opacity\"\/>\n\n\n\n<h5 class=\"wp-block-heading\" id=\"isPasted\"><strong>MarteMeo \u201eaus eigener Kraft etwas erreichen\u201c<\/strong><\/h5>\n\n\n\n<p>Marte Meo hilft Kommunikationsbeziehungen so zu entwickeln, dass der Andere als Pers\u00f6nlichkeit wahrgenommen und mit seinen F\u00e4higkeiten respektiert wird.<\/p>\n\n\n\n<p><em><a href=\"\/wordpress\/martemeo-aus-eigener-kraft-etwas-erreichen\/\" data-type=\"page\" data-id=\"206\">Weiterlesen MarteMeo&#8230;<\/a><\/em><\/p>\n","protected":false},"excerpt":{"rendered":"<p>Hier kombinieren wir zwei sehr effiziente Behandlungsmethoden: Aktuell setzt man die&nbsp;Videoarbeit&nbsp;auch vermehrt in der Behandlung von Erwachsenen ein. Die Videoarbeit im Rahmen [&hellip;]<\/p>\n","protected":false},"author":1,"featured_media":0,"parent":0,"menu_order":0,"comment_status":"closed","ping_status":"closed","template":"","meta":{"footnotes":""},"class_list":["post-60","page","type-page","status-publish","hentry"],"_links":{"self":[{"href":"https:\/\/www.ergotherapie-straten.de\/wordpress\/wp-json\/wp\/v2\/pages\/60","targetHints":{"allow":["GET"]}}],"collection":[{"href":"https:\/\/www.ergotherapie-straten.de\/wordpress\/wp-json\/wp\/v2\/pages"}],"about":[{"href":"https:\/\/www.ergotherapie-straten.de\/wordpress\/wp-json\/wp\/v2\/types\/page"}],"author":[{"embeddable":true,"href":"https:\/\/www.ergotherapie-straten.de\/wordpress\/wp-json\/wp\/v2\/users\/1"}],"replies":[{"embeddable":true,"href":"https:\/\/www.ergotherapie-straten.de\/wordpress\/wp-json\/wp\/v2\/comments?post=60"}],"version-history":[{"count":3,"href":"https:\/\/www.ergotherapie-straten.de\/wordpress\/wp-json\/wp\/v2\/pages\/60\/revisions"}],"predecessor-version":[{"id":216,"href":"https:\/\/www.ergotherapie-straten.de\/wordpress\/wp-json\/wp\/v2\/pages\/60\/revisions\/216"}],"wp:attachment":[{"href":"https:\/\/www.ergotherapie-straten.de\/wordpress\/wp-json\/wp\/v2\/media?parent=60"}],"curies":[{"name":"wp","href":"https:\/\/api.w.org\/{rel}","templated":true}]}}