{"id":62,"date":"2024-03-25T22:05:08","date_gmt":"2024-03-25T21:05:08","guid":{"rendered":"\/wordpress\/?page_id=62"},"modified":"2024-03-27T10:01:25","modified_gmt":"2024-03-27T09:01:25","slug":"systemische-beratung-bei-depressionen-und-oder-burnout-syndrom","status":"publish","type":"page","link":"https:\/\/www.ergotherapie-straten.de\/wordpress\/systemische-beratung-bei-depressionen-und-oder-burnout-syndrom\/","title":{"rendered":"Systemische Beratung bei Depressionen und\/oder Burnout-Syndrom"},"content":{"rendered":"\n<p id=\"isPasted\"><strong>Was ist Systemische Beratung<\/strong><br>Aus systemischer Sicht werden St\u00f6rungen und Symptome nicht als ein pers\u00f6nliches Merkmal angesehen. Vielmehr werden sie als Teil einer st\u00f6renden oder gest\u00f6rt erlebten Interaktion angesehen, an der eine oder mehrere Personen so sehr leiden, dass ihnen Krankheitswert zugeschrieben wird.<\/p>\n\n\n\n<p>Systemische Beratung findet ausschlie\u00dflich auf der Ebene der Kommunikation ab \u2013 Kommunikation zwischen Patient und Therapeut oder bei Mehrpersonentherapie auch zwischen weiteren Menschen. Sie geht davon aus, dass ver\u00e4nderte Kommunikation Ver\u00e4nderungen im psychischen und biologischen System zwar nicht unmittelbar umsteuern, aber doch in einer positiven Weise anzuregen vermag.<\/p>\n\n\n\n<p><strong>Grundhaltung der Systemischen Beratung<\/strong><br>Der Klient ist \u201eder Experte\u201c. Bei der Systemischen Beratung gehen wir davon aus, dass jeder Mensch eigene L\u00f6sungen entwickeln kann.<\/p>\n\n\n\n<p>Die Haltung der systemisch denkenden Berater\/in ist gepr\u00e4gt von Empathie, Wertsch\u00e4tzung, Respekt und Neugier.<\/p>\n\n\n\n<p><strong>Therapieverlauf der Systemischen Beratung<\/strong><br>Die Systemische Therapie wird auch langfristige Kurzzeittherapie genannt. Im Durchschnitt sind es ca. 6 bis 12 Sitzungen.<\/p>\n\n\n\n<p><strong>Ablauf des Systemischen Beratungsgespr\u00e4ch<\/strong><br>Die Systemischen Techniken k\u00f6nnen im Beratungsgespr\u00e4ch bei Einzelpersonen, Paaren und insbesondere Familien angewendet werden. Ein weiteres Feld sind Organisationen im beruflichen Kontext.<\/p>\n\n\n\n<p><strong>Anwendbarkeit der Systemischen Beratung<\/strong><br>Ein gro\u00dfer Vorteil der Systemischen Arbeit ist, dass sie kaum Grenzen kennt. Von einfachen Krisen, wie z.B. der Unf\u00e4higkeit die richtige Entscheidung zu treffen, bis zu psychiatrischen Krankheitsbildern. Kontraindiziert sind psychische St\u00f6rungen, die Wahrnehmungsst\u00f6rungen, Ich-St\u00f6rungen, Orientierungs- oder Bewusstseinsst\u00f6rungen sowie inhaltliche Denkst\u00f6rungen betreffen. Bei Klienten, die diese St\u00f6rungen aufweisen, kann die Beratung der Familienangeh\u00f6rigen von Vorteil sein.<\/p>\n\n\n\n<p><strong>Fallbeispiel<\/strong><br>Das folgende Fallbeispiel schildert exemplarisch, auf welche Weise systemische Therapie helfen kann, den Weg aus einer problematischen Situation heraus zu finden.<\/p>\n\n\n\n<p><a href=\"https:\/\/www.ergotherapie-straten.de\/wordpress\/fallbeispiel\/\" data-type=\"page\" data-id=\"66\">Weiterlesen:\u00a0Fallbeispiel<\/a><\/p>\n","protected":false},"excerpt":{"rendered":"<p>Was ist Systemische BeratungAus systemischer Sicht werden St\u00f6rungen und Symptome nicht als ein pers\u00f6nliches Merkmal angesehen. Vielmehr werden sie als Teil einer [&hellip;]<\/p>\n","protected":false},"author":1,"featured_media":0,"parent":0,"menu_order":0,"comment_status":"closed","ping_status":"closed","template":"","meta":{"footnotes":""},"class_list":["post-62","page","type-page","status-publish","hentry"],"_links":{"self":[{"href":"https:\/\/www.ergotherapie-straten.de\/wordpress\/wp-json\/wp\/v2\/pages\/62","targetHints":{"allow":["GET"]}}],"collection":[{"href":"https:\/\/www.ergotherapie-straten.de\/wordpress\/wp-json\/wp\/v2\/pages"}],"about":[{"href":"https:\/\/www.ergotherapie-straten.de\/wordpress\/wp-json\/wp\/v2\/types\/page"}],"author":[{"embeddable":true,"href":"https:\/\/www.ergotherapie-straten.de\/wordpress\/wp-json\/wp\/v2\/users\/1"}],"replies":[{"embeddable":true,"href":"https:\/\/www.ergotherapie-straten.de\/wordpress\/wp-json\/wp\/v2\/comments?post=62"}],"version-history":[{"count":6,"href":"https:\/\/www.ergotherapie-straten.de\/wordpress\/wp-json\/wp\/v2\/pages\/62\/revisions"}],"predecessor-version":[{"id":263,"href":"https:\/\/www.ergotherapie-straten.de\/wordpress\/wp-json\/wp\/v2\/pages\/62\/revisions\/263"}],"wp:attachment":[{"href":"https:\/\/www.ergotherapie-straten.de\/wordpress\/wp-json\/wp\/v2\/media?parent=62"}],"curies":[{"name":"wp","href":"https:\/\/api.w.org\/{rel}","templated":true}]}}