{"id":9,"date":"2024-03-25T21:57:26","date_gmt":"2024-03-25T20:57:26","guid":{"rendered":"\/wordpress\/?page_id=9"},"modified":"2024-03-27T10:21:15","modified_gmt":"2024-03-27T09:21:15","slug":"adhs-kinder-erwachsene","status":"publish","type":"page","link":"https:\/\/www.ergotherapie-straten.de\/wordpress\/adhs-kinder-erwachsene\/","title":{"rendered":"AD(H)S- Kinder &#038; Erwachsene"},"content":{"rendered":"\n<p id=\"isPasted\">AD(H)S ist nicht nur eine Kinderkrankheit. Diese St\u00f6rung verw\u00e4chst sich nicht in der Pubert\u00e4t, viele Symptome bleiben auch im Erwachsenenalter bestehen, oder k\u00f6nnen sich folgenden komorbiden (begleitenden) Krankheiten abwechseln:<\/p>\n\n\n\n<ul class=\"wp-block-list\">\n<li>Depressionen<\/li>\n\n\n\n<li>Zwangsst\u00f6rungen<\/li>\n\n\n\n<li>Angstst\u00f6rungen<\/li>\n\n\n\n<li>Tic-St\u00f6rungen<\/li>\n\n\n\n<li>Substanzmissbrauch (Alkohol, Drogen..)<\/li>\n\n\n\n<li>antisoziale Pers\u00f6nlichkeitsst\u00f6rung <\/li>\n<\/ul>\n\n\n\n<p>Leider ist das noch nicht so weitl\u00e4ufig bekannt und so verzweifeln viele Erwachsenen und leiden unter ihrem inneren Chaos und haben oft eine Odysee an Hilfesuche hinter sich.<\/p>\n\n\n\n<p>AD(H)S resultiert aus einer neurobiologischen Funktionsst\u00f6rung im Gehirn. Das Gleichgewicht von Botenstoffen ist in den Abschnitten f\u00fcr Wahrnehmung, Konzentration und Impulskontrolle gest\u00f6rt. Es handelt sich um einen \u201cnicht der Norm entsprechend\u201c arbeitenden Hirnstoffwechsel.<\/p>\n\n\n\n<p>Die Areale, die f\u00fcr die Impulssteuerungs- und Reizfilterung zust\u00e4ndig sind, funktionieren abweichend vom Durchschnitt. Bei dieser Ver\u00e4nderung handelt es sich um eine angeborene und vererbare Gegebenheit im Neuro-Transmitterhaushalt des Gehirns.<\/p>\n\n\n\n<p>Ankommende Reize k\u00f6nnen nur unzureichend gefiltert und weiter geleitet werden. Man f\u00fchlt sich wie im Feierabendverkehr in der Gro\u00dfstadt an einer Kreuzung, an der s\u00e4mtliche Ampeln ausgefallen sind. Diese permanente Reiz\u00fcberflutung wird in jungen Jahren entweder durch motorische Unruhe(Hyperaktivit\u00e4t) oder \u201e sich wegt\u00e4umen\u201c(Hypoaktivit\u00e4t) kompensiert.<\/p>\n\n\n\n<p>Diese Auswirkungen sind lediglich das Symptom des St\u00f6rungsbildes. Weitere Symptome sind oft:<\/p>\n\n\n\n<p id=\"isPasted\"><strong>Impulsivit\u00e4t, Affektlabilit\u00e4t<\/strong><br>Sie sind impulsiv. Es passiert ihnen immer wieder, dass sie Antworten und Kommentare geben, ohne vorher dar\u00fcber nachgedacht zu haben. Es fehlt der Zwischenschritt, der Nichtbetroffenen die M\u00f6glichkeit gibt, erst das Handeln\/Reden zu \u00fcberdenken und erst dann zu reagieren. Sie sind sich der oft folgenden Konsequenzen in diesen Momenten nicht bewusst. Es tut ihnen hinterher leid, aber sie k\u00f6nnen in diesen Momenten einfach nicht anders handeln.<\/p>\n\n\n\n<p>Beziehungsschwierigkeiten sind so vorprogrammiert. Sie haben oft Probleme feste Partnerschaften einzugehen und wenn k\u00f6nnen diese oft sehr leidvoll sein oder wechseln h\u00e4ufiger.<\/p>\n\n\n\n<p><strong>Hyper\/Hypo-Aktivit\u00e4t<\/strong><br>Eine starke innere Unruhe, begleitet von der Unf\u00e4higkeit sich zu entspannen, f\u00fchrt oft zu gro\u00dfer motorischer Unruhe(Hyperaktivit\u00e4t) und zum Teil zu starken \u00dcberreaktionen in harmlosen Situationen, die nicht kontrolliert werden kann und es hier oft zu Konflikten in der Interaktion mit anderen Menschen kommt.<\/p>\n\n\n\n<p>Bei der Hypoaktivit\u00e4t finden wir das genaue Gegenteil. Hier tr\u00e4umen sich die Betroffenen gerne aus den Situationen und wirken abwesend in schwerwiegenden F\u00e4llen bis hin zu Absencen.<\/p>\n\n\n\n<p><strong>Konzentrationsschwierigkeiten, Organisationsschwierigkeiten, Ablenkbarkeit, Vergesslichkeit, berufliche Probleme, geringe Selbstdisziplin, Entscheidungsschwierigkeiten, P\u00fcnktlichkeit, \u00dcberforderungsgef\u00fchle &#8230;<\/strong><br>Betroffenen f\u00e4llt es schwer Arbeitsabl\u00e4ufe zu planen, rechtzeitig zu beginnen, zu strukturieren und bis zum Ende auszuf\u00fchren. Sie schaffen es oft nicht ihre Aufgaben fertig zu bekommen, geben dann auf und schaffen Abschl\u00fcsse nicht, oder kriegen in der Firma Probleme. Oft f\u00e4llt es Ihnen schwer Ordnung zu halten(Messi-Syndrom), oder sie sind penibel darauf bedacht(Perfektionismus). Sie empfinden deutliche \u00dcberforderung in Beruf und Schule und in der Familie. Sie f\u00fchlen sich schnell ersch\u00f6pft und klagen oft \u00fcber \u00dcberforderung, f\u00fchlen sich m\u00fcde, gestresst und gehetzt und nicht selten kommt es hier zu der Diagnose Depressionen und\/oder \u201eBurnout\u201c oder \u201eBorout\u201c.<\/p>\n\n\n\n<p>Oft suchen Betroffene verzweifelt nach Hilfe und wissen nicht an wen sie sich wenden k\u00f6nnen.<\/p>\n\n\n\n<p>Hier gibt es inzwischen viele hilfreiche Konzepte in der Ergotherapie.<\/p>\n\n\n\n<p>Was aber am wichtigsten ist, ist ein Mensch der ihnen zur Seite steht und ihnen wieder hilft zu man\u00f6vrieren, wenn ihr Boot mal Schieflage hat.<\/p>\n\n\n\n<p>Wir bieten Ihnen kompetente Beratung und Hilfestellung<\/p>\n\n\n\n<ul class=\"wp-block-list\">\n<li>Priorit\u00e4ten setzen und Wichtiges von Unwichtigem zu unterscheiden<\/li>\n\n\n\n<li>eigene Ressourcen entdecken und Selbstbewusstsein aufbauen<\/li>\n\n\n\n<li>Strukturierung und Selbstmanagement von Tagesabl\u00e4ufen<\/li>\n\n\n\n<li>Visuelle Hilfen durch Wochenarbeitspl\u00e4ne und To do Listen<\/li>\n\n\n\n<li>Strategien zur Stress- und Krisenbew\u00e4ltigung<\/li>\n<\/ul>\n\n\n\n<p>Der erste Schritt hei\u00dft immer Mut. Mut zur Ver\u00e4nderung. Gehen Sie ihn und wir helfen Ihnen gerne ihr Boot wieder man\u00f6vrierf\u00e4hig zu machen. Sie k\u00f6nnen sich hierf\u00fcr eine Verordnung f\u00fcr Ergotherapie bei Ihrem Arzt holen.<\/p>\n\n\n\n<p>F\u00fcr eine kompetente Beratung stehe ich, als bekennende und diagnostizierte AD(H)S &#8211; lerin gerne zur Verf\u00fcgung. Diagnosen stellen d\u00fcrfen jedoch nur psychatrische \u00c4rzte.<\/p>\n","protected":false},"excerpt":{"rendered":"<p>AD(H)S ist nicht nur eine Kinderkrankheit. Diese St\u00f6rung verw\u00e4chst sich nicht in der Pubert\u00e4t, viele Symptome bleiben auch im Erwachsenenalter bestehen, oder [&hellip;]<\/p>\n","protected":false},"author":1,"featured_media":0,"parent":0,"menu_order":0,"comment_status":"closed","ping_status":"closed","template":"","meta":{"footnotes":""},"class_list":["post-9","page","type-page","status-publish","hentry"],"_links":{"self":[{"href":"https:\/\/www.ergotherapie-straten.de\/wordpress\/wp-json\/wp\/v2\/pages\/9","targetHints":{"allow":["GET"]}}],"collection":[{"href":"https:\/\/www.ergotherapie-straten.de\/wordpress\/wp-json\/wp\/v2\/pages"}],"about":[{"href":"https:\/\/www.ergotherapie-straten.de\/wordpress\/wp-json\/wp\/v2\/types\/page"}],"author":[{"embeddable":true,"href":"https:\/\/www.ergotherapie-straten.de\/wordpress\/wp-json\/wp\/v2\/users\/1"}],"replies":[{"embeddable":true,"href":"https:\/\/www.ergotherapie-straten.de\/wordpress\/wp-json\/wp\/v2\/comments?post=9"}],"version-history":[{"count":6,"href":"https:\/\/www.ergotherapie-straten.de\/wordpress\/wp-json\/wp\/v2\/pages\/9\/revisions"}],"predecessor-version":[{"id":255,"href":"https:\/\/www.ergotherapie-straten.de\/wordpress\/wp-json\/wp\/v2\/pages\/9\/revisions\/255"}],"wp:attachment":[{"href":"https:\/\/www.ergotherapie-straten.de\/wordpress\/wp-json\/wp\/v2\/media?parent=9"}],"curies":[{"name":"wp","href":"https:\/\/api.w.org\/{rel}","templated":true}]}}